{"id":40536,"date":"2024-12-04T14:33:41","date_gmt":"2024-12-04T14:33:41","guid":{"rendered":"https:\/\/sites.lecyclopeduweb.fr\/saxmachineparis\/?post_type=product&#038;p=40536"},"modified":"2024-12-04T14:44:32","modified_gmt":"2024-12-04T14:44:32","slug":"bec-jody-jazz-super-jet-alto","status":"publish","type":"product","link":"https:\/\/saxmachineparis.com\/en\/catalogue\/bec-jody-jazz-super-jet-alto\/","title":{"rendered":"Bec Jody Jazz Super Jet alto"},"content":{"rendered":"<p>Le SUPER JET est un bec en laiton plaqu\u00e9, d\u00e9velopp\u00e9 sp\u00e9cifiquement pour les joueurs de Smooth Jazz, Rock et Funk. C\u2019est un bec au son tr\u00e8s contemporain, avec de nombreuses caract\u00e9ristiques innovantes.<\/p>\n<p>Il vous offrira plus de puissance et de brillance mais comme tous les becs Jody Jazz, il est incroyablement facile d&#8217;\u00e9mission, avec suffisamment de graves dans le son pour le rendre plus polyvalent que beaucoup de becs dans cette cat\u00e9gorie \u00e0 petite chambre.<\/p>\n<p>Le SUPER JET pr\u00e9sente \u00e9galement une courbe de facing plus courte pour un altissimo impressionnant.<\/p>\n<p>Ouvertures :<\/p>\n<p>5 = 0.74<br \/>\n6 = 0.80<br \/>\n7 = 0.86<br \/>\n8 = 0.91<\/p>\n","protected":false},"excerpt":{"rendered":"<p class=\"conditionnement\">*Bec livr\u00e9 comlet<\/p>\n<p><img loading=\"lazy\" decoding=\"async\" class=\"alignnone size-full wp-image-6619\" src=\"https:\/\/saxmachineparis.com\/wp-content\/uploads\/2019\/04\/logo-jody-jazz-c.png\" alt=\"logo jody jazz\" width=\"120\" height=\"90\" \/><\/p>\n<ul>\n<li>Ouvertures : 5 \/ 6 \/ 7 \/ 8<\/li>\n<li>Son brillant et puissant<\/li>\n<li>M\u00e9tal<\/li>\n<li>Ligature &#8220;H&#8221;, couvre-bec et pochette<\/li>\n<\/ul>\n","protected":false},"featured_media":40537,"comment_status":"open","ping_status":"closed","template":"","meta":{"_acf_changed":false},"product_brand":[],"product_cat":[2431,1313],"product_tag":[1314],"class_list":{"0":"post-40536","1":"product","2":"type-product","3":"status-publish","4":"has-post-thumbnail","6":"product_cat-bec-alto","7":"product_cat-becs","8":"product_tag-bec-alto","9":"pa_becs-saxophone-alto","10":"pa_marque-jody-jazz","11":"pa_materiau-bec-metal","12":"pa_style-bec-bec-funk-fusion","13":"pa_style-bec-bec-jazz","14":"pa_style-bec-rock-blues","16":"first","17":"instock","18":"sale","19":"taxable","20":"shipping-taxable","21":"purchasable","22":"product-type-simple"},"acf":[],"_links":{"self":[{"href":"https:\/\/saxmachineparis.com\/en\/wp-json\/wp\/v2\/product\/40536","targetHints":{"allow":["GET"]}}],"collection":[{"href":"https:\/\/saxmachineparis.com\/en\/wp-json\/wp\/v2\/product"}],"about":[{"href":"https:\/\/saxmachineparis.com\/en\/wp-json\/wp\/v2\/types\/product"}],"replies":[{"embeddable":true,"href":"https:\/\/saxmachineparis.com\/en\/wp-json\/wp\/v2\/comments?post=40536"}],"wp:featuredmedia":[{"embeddable":true,"href":"https:\/\/saxmachineparis.com\/en\/wp-json\/wp\/v2\/media\/40537"}],"wp:attachment":[{"href":"https:\/\/saxmachineparis.com\/en\/wp-json\/wp\/v2\/media?parent=40536"}],"wp:term":[{"taxonomy":"product_brand","embeddable":true,"href":"https:\/\/saxmachineparis.com\/en\/wp-json\/wp\/v2\/product_brand?post=40536"},{"taxonomy":"product_cat","embeddable":true,"href":"https:\/\/saxmachineparis.com\/en\/wp-json\/wp\/v2\/product_cat?post=40536"},{"taxonomy":"product_tag","embeddable":true,"href":"https:\/\/saxmachineparis.com\/en\/wp-json\/wp\/v2\/product_tag?post=40536"}],"curies":[{"name":"wp","href":"https:\/\/api.w.org\/{rel}","templated":true}]}}