{"id":40526,"date":"2024-12-04T12:01:40","date_gmt":"2024-12-04T12:01:40","guid":{"rendered":"https:\/\/sites.lecyclopeduweb.fr\/saxmachineparis\/?post_type=product&#038;p=40526"},"modified":"2025-04-18T08:12:55","modified_gmt":"2025-04-18T08:12:55","slug":"bec-rousseau-jdx-tenor","status":"publish","type":"product","link":"https:\/\/saxmachineparis.com\/en\/catalogue\/bec-rousseau-jdx-tenor\/","title":{"rendered":"Bec Rousseau JDX t\u00e9nor"},"content":{"rendered":"<p>Con\u00e7u par l&#8217;extraordinaire saxophoniste Eugene Rousseau, le bec JDX offre la combinaison parfaite d&#8217;une sonorit\u00e9 \u00e9l\u00e9gante et puissante.<\/p>\n<p>Fabriqu\u00e9s enti\u00e8rement \u00e0 l\u2019usine JodyJazz, ces incroyables nouveaux becs sont d\u00e9sormais cr\u00e9\u00e9s en utilisant la m\u00eame combinaison de techniques de fabrication de pointe, de savoir-faire traditionnel et des contr\u00f4les qualit\u00e9 les plus stricts de l\u2019industrie, qui ont rendu les becs JodyJazz si populaires.<\/p>\n<h3>Un bec pour tous :<\/h3>\n<p>Les becs de saxophone Rousseau Jazz sont con\u00e7us pour les saxophonistes de tous niveaux, des professionnels de haut niveau et artistes enregistrant des disques, aux professeurs d&#8217;universit\u00e9, en passant par les d\u00e9butants.<\/p>\n<p>Ouvertures :<\/p>\n<p>6* = 0.95<br \/>\n7 = 0.100<br \/>\n7* = 0.105<br \/>\n8 = 0.115<\/p>\n","protected":false},"excerpt":{"rendered":"<p class=\"conditionnement\">*Bec livr\u00e9 nu<\/p>\n<p><img loading=\"lazy\" decoding=\"async\" class=\"alignnone wp-image-40499\" src=\"https:\/\/saxmachineparis.com\/wp-content\/uploads\/2024\/12\/ERousseau_Logo_profilepic-v2-1024x1024-1-600x600.webp\" alt=\"\" width=\"152\" height=\"152\" srcset=\"https:\/\/saxmachineparis.com\/wp-content\/uploads\/2024\/12\/ERousseau_Logo_profilepic-v2-1024x1024-1-600x600.webp 600w, https:\/\/saxmachineparis.com\/wp-content\/uploads\/2024\/12\/ERousseau_Logo_profilepic-v2-1024x1024-1-1000x1000.webp 1000w, https:\/\/saxmachineparis.com\/wp-content\/uploads\/2024\/12\/ERousseau_Logo_profilepic-v2-1024x1024-1-250x250.webp 250w, https:\/\/saxmachineparis.com\/wp-content\/uploads\/2024\/12\/ERousseau_Logo_profilepic-v2-1024x1024-1-768x768.webp 768w, https:\/\/saxmachineparis.com\/wp-content\/uploads\/2024\/12\/ERousseau_Logo_profilepic-v2-1024x1024-1-300x300.webp 300w, https:\/\/saxmachineparis.com\/wp-content\/uploads\/2024\/12\/ERousseau_Logo_profilepic-v2-1024x1024-1-100x100.webp 100w, https:\/\/saxmachineparis.com\/wp-content\/uploads\/2024\/12\/ERousseau_Logo_profilepic-v2-1024x1024-1.webp 1024w\" sizes=\"auto, (max-width: 152px) 100vw, 152px\" \/><\/p>\n<ul>\n<li>Ouvertures : 6* \/ 7 \/ 7* \/ 8<\/li>\n<li>Son rond et puissant<\/li>\n<li>\u00c9bonite<\/li>\n<li>Pochette<\/li>\n<\/ul>\n","protected":false},"featured_media":40527,"comment_status":"open","ping_status":"closed","template":"","meta":{"_acf_changed":false},"product_brand":[],"product_cat":[2434,1313],"product_tag":[1431],"class_list":{"0":"post-40526","1":"product","2":"type-product","3":"status-publish","4":"has-post-thumbnail","6":"product_cat-bec-tenor","7":"product_cat-becs","8":"product_tag-bec-tenor","9":"pa_becs-saxophone-tenor","10":"pa_marque-rousseau","11":"pa_materiau-bec-ebonite","12":"pa_style-bec-bec-jazz","14":"first","15":"instock","16":"sale","17":"taxable","18":"shipping-taxable","19":"purchasable","20":"product-type-simple"},"acf":[],"_links":{"self":[{"href":"https:\/\/saxmachineparis.com\/en\/wp-json\/wp\/v2\/product\/40526","targetHints":{"allow":["GET"]}}],"collection":[{"href":"https:\/\/saxmachineparis.com\/en\/wp-json\/wp\/v2\/product"}],"about":[{"href":"https:\/\/saxmachineparis.com\/en\/wp-json\/wp\/v2\/types\/product"}],"replies":[{"embeddable":true,"href":"https:\/\/saxmachineparis.com\/en\/wp-json\/wp\/v2\/comments?post=40526"}],"wp:featuredmedia":[{"embeddable":true,"href":"https:\/\/saxmachineparis.com\/en\/wp-json\/wp\/v2\/media\/40527"}],"wp:attachment":[{"href":"https:\/\/saxmachineparis.com\/en\/wp-json\/wp\/v2\/media?parent=40526"}],"wp:term":[{"taxonomy":"product_brand","embeddable":true,"href":"https:\/\/saxmachineparis.com\/en\/wp-json\/wp\/v2\/product_brand?post=40526"},{"taxonomy":"product_cat","embeddable":true,"href":"https:\/\/saxmachineparis.com\/en\/wp-json\/wp\/v2\/product_cat?post=40526"},{"taxonomy":"product_tag","embeddable":true,"href":"https:\/\/saxmachineparis.com\/en\/wp-json\/wp\/v2\/product_tag?post=40526"}],"curies":[{"name":"wp","href":"https:\/\/api.w.org\/{rel}","templated":true}]}}