{"id":40467,"date":"2024-11-15T17:22:06","date_gmt":"2024-11-15T17:22:06","guid":{"rendered":"https:\/\/sites.lecyclopeduweb.fr\/saxmachineparis\/?post_type=product&#038;p=40467"},"modified":"2024-12-04T11:24:51","modified_gmt":"2024-12-04T11:24:51","slug":"bec-jody-jazz-custom-dv-hr","status":"publish","type":"product","link":"https:\/\/saxmachineparis.com\/en\/catalogue\/bec-jody-jazz-custom-dv-hr\/","title":{"rendered":"Bec Jody Jazz DV HR alto"},"content":{"rendered":"<p>Le bec Jody Jazz DV HR Alto allie un design classique en \u00e9bonite \u00e0 une fen\u00eatre secondaire DV brevet\u00e9e, offrant ainsi un son puissant et harmonieux, tout en permettant une grande libert\u00e9 de jeu.<\/p>\n<p>Il est \u00e9galement \u00e9quip\u00e9 d\u2019une plaque de morsure int\u00e9gr\u00e9e, qui am\u00e9liore le contr\u00f4le et la pr\u00e9cision, vous apportant la confiance n\u00e9cessaire pour exploiter toute la palette sonore de votre instrument.<\/p>\n<p>La courbe de la table du bec est inspir\u00e9e du nombre d&#8217;or &#8220;Phi&#8221;, assurant ainsi un confort optimal et une grande facilit\u00e9 de jeu. Si vous recherchez une sonorit\u00e9 plus riche, profonde et chaleureuse, ce bec est fait pour vous !<\/p>\n<p>Ouvertures :<\/p>\n<p>5 = 0.72<br \/>\n6 = 0.78<br \/>\n7 = 0.83<br \/>\n8 = 0.90<\/p>\n","protected":false},"excerpt":{"rendered":"<p class=\"conditionnement\">*Bec livr\u00e9 nu<\/p>\n<p><img loading=\"lazy\" decoding=\"async\" class=\"alignnone size-full wp-image-6619\" src=\"https:\/\/saxmachineparis.com\/wp-content\/uploads\/2019\/04\/logo-jody-jazz-c.png\" alt=\"logo jody jazz\" width=\"120\" height=\"90\" \/><\/p>\n<ul>\n<li>Ouvertures : 5 \/ 6 \/ 7 \/ 8<\/li>\n<li>Son pr\u00e9cis et puissant<\/li>\n<li>\u00c9bonite<\/li>\n<li>Pochette<\/li>\n<\/ul>\n","protected":false},"featured_media":40477,"comment_status":"open","ping_status":"closed","template":"","meta":{"_acf_changed":false},"product_brand":[],"product_cat":[2431,1313],"product_tag":[1314],"class_list":{"0":"post-40467","1":"product","2":"type-product","3":"status-publish","4":"has-post-thumbnail","6":"product_cat-bec-alto","7":"product_cat-becs","8":"product_tag-bec-alto","9":"pa_becs-saxophone-alto","10":"pa_marque-jody-jazz","11":"pa_materiau-bec-ebonite","12":"pa_style-bec-bec-jazz","14":"first","15":"instock","16":"sale","17":"taxable","18":"shipping-taxable","19":"purchasable","20":"product-type-simple"},"acf":[],"_links":{"self":[{"href":"https:\/\/saxmachineparis.com\/en\/wp-json\/wp\/v2\/product\/40467","targetHints":{"allow":["GET"]}}],"collection":[{"href":"https:\/\/saxmachineparis.com\/en\/wp-json\/wp\/v2\/product"}],"about":[{"href":"https:\/\/saxmachineparis.com\/en\/wp-json\/wp\/v2\/types\/product"}],"replies":[{"embeddable":true,"href":"https:\/\/saxmachineparis.com\/en\/wp-json\/wp\/v2\/comments?post=40467"}],"wp:featuredmedia":[{"embeddable":true,"href":"https:\/\/saxmachineparis.com\/en\/wp-json\/wp\/v2\/media\/40477"}],"wp:attachment":[{"href":"https:\/\/saxmachineparis.com\/en\/wp-json\/wp\/v2\/media?parent=40467"}],"wp:term":[{"taxonomy":"product_brand","embeddable":true,"href":"https:\/\/saxmachineparis.com\/en\/wp-json\/wp\/v2\/product_brand?post=40467"},{"taxonomy":"product_cat","embeddable":true,"href":"https:\/\/saxmachineparis.com\/en\/wp-json\/wp\/v2\/product_cat?post=40467"},{"taxonomy":"product_tag","embeddable":true,"href":"https:\/\/saxmachineparis.com\/en\/wp-json\/wp\/v2\/product_tag?post=40467"}],"curies":[{"name":"wp","href":"https:\/\/api.w.org\/{rel}","templated":true}]}}