{"id":40452,"date":"2024-11-15T17:04:29","date_gmt":"2024-11-15T17:04:29","guid":{"rendered":"https:\/\/sites.lecyclopeduweb.fr\/saxmachineparis\/?post_type=product&#038;p=40452"},"modified":"2026-01-06T14:43:48","modified_gmt":"2026-01-06T14:43:48","slug":"bec-florida-les-becs-dautan-metal-tenor","status":"publish","type":"product","link":"https:\/\/saxmachineparis.com\/en\/catalogue\/bec-florida-les-becs-dautan-metal-tenor\/","title":{"rendered":"Bec &#8220;Les Becs d&#8217;Autan&#8221; Florida m\u00e9tal tenor"},"content":{"rendered":"<h3>Le son Vintage, la facilit\u00e9 de jeu en plus :<\/h3>\n<p>Ce mod\u00e8le est une reproduction fid\u00e8le du &#8220;Early&#8221; Otto-Link STM Florida No-Usa num\u00e9rot\u00e9 des ann\u00e9es 60, tr\u00e8s recherch\u00e9. Avec sa grande chambre h\u00e9rit\u00e9 du bec Otto-Link STM Florida Double Ring des ann\u00e9es 50 et un baffle subtilement renforc\u00e9, il offre une sonorit\u00e9 unique et polyvalente, appr\u00e9ci\u00e9e par des l\u00e9gendes du jazz telles que John Coltrane, Dexter Gordon, Johnny Griffin, Eddie Lockjaw Davis, Sonny Rollins, Benny Golson, Chris Potter, Joshua Redman&#8230;<\/p>\n<p>Le son est large avec beaucoup de grain\u00a0; on a l&#8217;impression qu&#8217;il y a une \u00ab\u00a0r\u00e9verbe naturelle\u00a0\u00bb int\u00e9gr\u00e9e au bec ce qui procure une belle pr\u00e9sence. Il est homog\u00e8ne sur toute la tessiture de l&#8217;instrument, dans toutes les nuances. Ce bec vous permet vraiment de modeler votre propre son et donne le sentiment de vous suivre dans tout ce que vous voulez jouer. Il sera aussi compatible avec toutes vos anches gr\u00e2ce \u00e0 sa table parfaitement plane. La palette dynamique est assez impressionnante et \u00e9tendue\u00a0: Les nuances basses sont r\u00e9ellement des chuchotements et les nuances fortes sont des rugissements. Les sur-aigus et les graves sont tr\u00e8s faciles en son direct ou subtone&#8230; Le\u00a0<u>vrai<\/u>\u00a0son Otto-Link vintage\u00a0!<\/p>\n<h3>Une qualit\u00e9 de fabrication sup\u00e9rieure :<\/h3>\n<p>Le bec &#8220;Florida&#8221; est m\u00e9ticuleusement fabriqu\u00e9 \u00e0 la main avec pr\u00e9cision et soin.<\/p>\n<p>Comme le bec mythique dont il s&#8217;inspire, le \u00ab\u00a0Florida\u00a0\u00bb est vendu neuf, d\u00e9j\u00e0 refac\u00e9 \u00e0 la main traditionnellement par Philippe, contr\u00f4l\u00e9 et test\u00e9 avant envoi, ce qui garantit le plus haut niveau de finition et de jouabilit\u00e9.<\/p>\n<p>Fabriqu\u00e9 selon les normes de qualit\u00e9 et de performance les plus \u00e9lev\u00e9es, le \u00ab\u00a0Florida\u00a0\u00bb est le choix parfait pour les saxophonistes exigeant qui cherchent \u00e0 obtenir un son riche traditionnel, libre \u00e0 souffler, avec une excellente projection.<\/p>\n<h3>Ouvertures disponibles :<\/h3>\n<p>6 \/ 6* \/ 7 \/ 7* \/ 8 \/ 8* \/9 \/9*<\/p>\n","protected":false},"excerpt":{"rendered":"<p class=\"conditionnement\">*Bec livr\u00e9 nu dans un fourreau en velours<\/p>\n<p><img loading=\"lazy\" decoding=\"async\" class=\"alignnone wp-image-37814\" src=\"https:\/\/saxmachineparis.com\/wp-content\/uploads\/2024\/02\/becsdautan-600x600.png\" alt=\"\" width=\"176\" height=\"176\" srcset=\"https:\/\/saxmachineparis.com\/wp-content\/uploads\/2024\/02\/becsdautan-600x599.png 600w, https:\/\/saxmachineparis.com\/wp-content\/uploads\/2024\/02\/becsdautan-250x250.png 250w, https:\/\/saxmachineparis.com\/wp-content\/uploads\/2024\/02\/becsdautan-768x767.png 768w, https:\/\/saxmachineparis.com\/wp-content\/uploads\/2024\/02\/becsdautan-300x300.png 300w, https:\/\/saxmachineparis.com\/wp-content\/uploads\/2024\/02\/becsdautan-100x100.png 100w, https:\/\/saxmachineparis.com\/wp-content\/uploads\/2024\/02\/becsdautan.png 781w\" sizes=\"auto, (max-width: 176px) 100vw, 176px\" \/><\/p>\n<ul>\n<li>Ouvertures : 6 \/ 6* \/ 7 \/ 7* \/ 8 \/ 8* \/ 9 \/ 9*<\/li>\n<li>M\u00e9tal plaqu\u00e9 ou argent<\/li>\n<li>Chambre Large<\/li>\n<li>MADE IN FRANCE \ud83c\uddeb\ud83c\uddf7<\/li>\n<\/ul>\n","protected":false},"featured_media":44279,"comment_status":"open","ping_status":"closed","template":"","meta":{"_acf_changed":false},"product_brand":[],"product_cat":[2434,1313],"product_tag":[1372,1374,1431],"class_list":{"0":"post-40452","1":"product","2":"type-product","3":"status-publish","4":"has-post-thumbnail","6":"product_cat-bec-tenor","7":"product_cat-becs","8":"product_tag-bec-ebonite","9":"product_tag-bec-jazz","10":"product_tag-bec-tenor","11":"pa_becs-saxophone-tenor","12":"pa_materiau-bec-metal","13":"pa_style-bec-bec-jazz","15":"first","16":"instock","17":"taxable","18":"shipping-taxable","19":"purchasable","20":"product-type-simple"},"acf":[],"_links":{"self":[{"href":"https:\/\/saxmachineparis.com\/en\/wp-json\/wp\/v2\/product\/40452","targetHints":{"allow":["GET"]}}],"collection":[{"href":"https:\/\/saxmachineparis.com\/en\/wp-json\/wp\/v2\/product"}],"about":[{"href":"https:\/\/saxmachineparis.com\/en\/wp-json\/wp\/v2\/types\/product"}],"replies":[{"embeddable":true,"href":"https:\/\/saxmachineparis.com\/en\/wp-json\/wp\/v2\/comments?post=40452"}],"wp:featuredmedia":[{"embeddable":true,"href":"https:\/\/saxmachineparis.com\/en\/wp-json\/wp\/v2\/media\/44279"}],"wp:attachment":[{"href":"https:\/\/saxmachineparis.com\/en\/wp-json\/wp\/v2\/media?parent=40452"}],"wp:term":[{"taxonomy":"product_brand","embeddable":true,"href":"https:\/\/saxmachineparis.com\/en\/wp-json\/wp\/v2\/product_brand?post=40452"},{"taxonomy":"product_cat","embeddable":true,"href":"https:\/\/saxmachineparis.com\/en\/wp-json\/wp\/v2\/product_cat?post=40452"},{"taxonomy":"product_tag","embeddable":true,"href":"https:\/\/saxmachineparis.com\/en\/wp-json\/wp\/v2\/product_tag?post=40452"}],"curies":[{"name":"wp","href":"https:\/\/api.w.org\/{rel}","templated":true}]}}