{"id":40424,"date":"2024-11-15T14:24:50","date_gmt":"2024-11-15T14:24:50","guid":{"rendered":"https:\/\/sites.lecyclopeduweb.fr\/saxmachineparis\/?post_type=product&#038;p=40424"},"modified":"2026-01-17T13:09:30","modified_gmt":"2026-01-17T13:09:30","slug":"saxophone-tenor-selmer-signature-noir-ng","status":"publish","type":"product","link":"https:\/\/saxmachineparis.com\/en\/catalogue\/saxophone-tenor-selmer-signature-noir-ng\/","title":{"rendered":"Saxophone T\u00e9nor Selmer Signature noir (NG)"},"content":{"rendered":"<ul>\n<li>\n<h3><strong>Le renouveau du S\u00e9rie III<\/strong><\/h3>\n<\/li>\n<\/ul>\n<p class=\"p1\">Depuis sa commercialisation en 1995, mod\u00e8le S\u00e9rie III a conquis de nombreux saxophonistes gr\u00e2ce \u00e0 ses <strong>qualit\u00e9s acoustiques<\/strong> et son <strong>confort ergonomique<\/strong>.\u00a0 Avec une embo\u00eeture de bocal de diam\u00e8tre sup\u00e9rieur, le t\u00e9nor Signature offre une <strong>rare pr\u00e9cision et une sonorit\u00e9 ample<\/strong>.<\/p>\n<p class=\"p1\">Son ergonomie est adapt\u00e9e \u00e0 <strong>tous les musiciens<\/strong>, quels que soient leur niveau ou leur esth\u00e9tique musicale. Dot\u00e9 du nouveau syst\u00e8me d\u2019embo\u00eeture du bocal \u00e0 serrage 3 points d\u00e9velopp\u00e9 pour le mod\u00e8le Supreme, le t\u00e9nor Signature assure une <strong>homog\u00e9n\u00e9it\u00e9 sonore parfaite<\/strong>.<\/p>\n<ul>\n<li>\n<h3><strong>Des qualit\u00e9s acoustiques remarquables<\/strong><\/h3>\n<\/li>\n<\/ul>\n<p class=\"p1\">Le t\u00e9nor Signature se distingue par ses qualit\u00e9s acoustiques remarquables, offrant <b>un son g\u00e9n\u00e9reux et rond<\/b>. Ces caract\u00e9ristiques sont appr\u00e9ci\u00e9es aussi bien par les saxophonistes de jazz que par de nombreux musiciens classiques qui s&#8217;identifient \u00e0 l&#8217;\u00c9cole fran\u00e7aise.<\/p>\n<p>On appr\u00e9cie l&#8217;alto Signature pour sa <strong>belle<\/strong> <strong>richesse de timbre<\/strong>, sa <strong>flexibilit\u00e9 de jeu<\/strong> et sa <strong>grande capacit\u00e9 de projection<\/strong>.<\/p>\n<ul>\n<li>\n<h3><strong>Une esth\u00e9tique \u00e9l\u00e9gante<\/strong><\/h3>\n<\/li>\n<\/ul>\n<p class=\"p1\"><strong>Saxophone \u00e0 la fois traditionnel et porteur de modernit\u00e9<\/strong>, le t\u00e9nor Signature se pare d\u2019une gravure originale au style Art D\u00e9co rendant hommage aux gestes s\u00e9culaires transmis de g\u00e9n\u00e9ration en g\u00e9n\u00e9ration au sein de la Manufacture SELMER situ\u00e9e depuis 1919 \u00e0 Mantes-la-Ville. Un lieu unique d\u2019o\u00f9 se d\u00e9gagent force et magie, o\u00f9 la main de l\u2019homme est omnipr\u00e9sente et fondamentale. Des gestes \u00e0 l\u2019origine du son.<\/p>\n<p><iframe loading=\"lazy\" title=\"New Signature alto and tenor saxophones\" width=\"500\" height=\"281\" src=\"https:\/\/www.youtube.com\/embed\/z3vFlMNOmWc?feature=oembed\" frameborder=\"0\" allow=\"accelerometer; autoplay; clipboard-write; encrypted-media; gyroscope; picture-in-picture; web-share\" referrerpolicy=\"strict-origin-when-cross-origin\" allowfullscreen><\/iframe><\/p>\n","protected":false},"excerpt":{"rendered":"<p class=\"conditionnement\">*Instrument livr\u00e9 avec \u00e9tui &#8220;Signature&#8221; et bec &#8220;Concept&#8221;<\/p>\n<p class=\"conditionnement\">*Tous nos saxophones Selmer sont s\u00e9lectionn\u00e9s par un musicien professionnel<\/p>\n<p><strong>Finitions<\/strong> <strong>sur commande :<\/strong> <a href=\"http:\/\/saxophone-tenor-selmer-signature-verni-dark-dgg\">Verni Dark Gold Grav\u00e9 (DGG)<\/a>, <a href=\"http:\/\/saxophone-tenor-selmer-signature-argente-ag\">Argent\u00e9 Grav\u00e9 (AG)<\/a>, <a href=\"http:\/\/saxophone-tenor-selmer-signature-brosse-bgg\">Bross\u00e9 Grav\u00e9 (BGG)<\/a>, Noir Grav\u00e9 (NG), <a href=\"http:\/\/saxophone-tenor-selmer-signature-passive-pao\">Passiv\u00e9 Grav\u00e9 (PAO)<\/a>, <a href=\"http:\/\/saxophone-tenor-selmer-signature-plaque-or-auo\">Plaqu\u00e9 Or (AUG)<\/a>, <a href=\"http:\/\/saxophone-tenor-selmer-signature-passive-argent-massif-amg\">Argent Massif (AMG)<\/a><\/p>\n<p><img decoding=\"async\" src=\"https:\/\/saxmachineparis.com\/wp-content\/uploads\/2018\/12\/logo-henri-selmer-paris.jpg\" alt=\"logo henri selmer paris sax-machine\" width=\"100\" \/>\u00a0 \u00a0 \u00a0<img loading=\"lazy\" decoding=\"async\" class=\"alignnone wp-image-36246\" src=\"https:\/\/saxmachineparis.com\/wp-content\/uploads\/2023\/09\/signature-600x270.jpg\" alt=\"\" width=\"169\" height=\"76\" srcset=\"https:\/\/saxmachineparis.com\/wp-content\/uploads\/2023\/09\/signature-600x270.jpg 600w, https:\/\/saxmachineparis.com\/wp-content\/uploads\/2023\/09\/signature-1000x449.jpg 1000w, https:\/\/saxmachineparis.com\/wp-content\/uploads\/2023\/09\/signature-768x345.jpg 768w, https:\/\/saxmachineparis.com\/wp-content\/uploads\/2023\/09\/signature-1536x690.jpg 1536w, https:\/\/saxmachineparis.com\/wp-content\/uploads\/2023\/09\/signature.jpg 1754w\" sizes=\"auto, (max-width: 169px) 100vw, 169px\" \/><\/p>\n<ul>\n<li>Nouvelle gravure exclusive<\/li>\n<li>Tonalit\u00e9 : Sib<\/li>\n<li>Tessiture : du Sib grave au Fa# aigu<\/li>\n<li>Emboiture \u00e0 serrage concentrique 3 points<\/li>\n<li>Bague de serrage de l&#8217;emboiture r\u00e9glable<\/li>\n<li>Support pouce en m\u00e9tal dor\u00e9 \u00e0 l&#8217;or fin<\/li>\n<li>Tampons cuir, r\u00e9sonateur m\u00e9tal<\/li>\n<li>Touches en nacres naturelles serties<\/li>\n<\/ul>\n<p>&nbsp;<\/p>\n<p>&nbsp;<\/p>\n<div class=\"contact-button-woocommerce\"><a href=\"tel:+33145260529\">Nous contacter :\u00a001 45 26 05 20<\/a><\/div>\n","protected":false},"featured_media":40409,"comment_status":"open","ping_status":"closed","template":"","meta":{"_acf_changed":false},"product_brand":[],"product_cat":[994],"product_tag":[1255,1224],"class_list":{"0":"post-40424","1":"product","2":"type-product","3":"status-publish","4":"has-post-thumbnail","6":"product_cat-tenor","7":"product_tag-modele-professionnel","8":"product_tag-saxophone","10":"first","11":"instock","12":"sale","13":"purchasable","14":"product-type-simple"},"acf":[],"_links":{"self":[{"href":"https:\/\/saxmachineparis.com\/en\/wp-json\/wp\/v2\/product\/40424","targetHints":{"allow":["GET"]}}],"collection":[{"href":"https:\/\/saxmachineparis.com\/en\/wp-json\/wp\/v2\/product"}],"about":[{"href":"https:\/\/saxmachineparis.com\/en\/wp-json\/wp\/v2\/types\/product"}],"replies":[{"embeddable":true,"href":"https:\/\/saxmachineparis.com\/en\/wp-json\/wp\/v2\/comments?post=40424"}],"wp:featuredmedia":[{"embeddable":true,"href":"https:\/\/saxmachineparis.com\/en\/wp-json\/wp\/v2\/media\/40409"}],"wp:attachment":[{"href":"https:\/\/saxmachineparis.com\/en\/wp-json\/wp\/v2\/media?parent=40424"}],"wp:term":[{"taxonomy":"product_brand","embeddable":true,"href":"https:\/\/saxmachineparis.com\/en\/wp-json\/wp\/v2\/product_brand?post=40424"},{"taxonomy":"product_cat","embeddable":true,"href":"https:\/\/saxmachineparis.com\/en\/wp-json\/wp\/v2\/product_cat?post=40424"},{"taxonomy":"product_tag","embeddable":true,"href":"https:\/\/saxmachineparis.com\/en\/wp-json\/wp\/v2\/product_tag?post=40424"}],"curies":[{"name":"wp","href":"https:\/\/api.w.org\/{rel}","templated":true}]}}