{"id":40267,"date":"2024-11-14T12:05:21","date_gmt":"2024-11-14T12:05:21","guid":{"rendered":"https:\/\/sites.lecyclopeduweb.fr\/saxmachineparis\/?post_type=product&#038;p=40267"},"modified":"2025-01-08T10:39:26","modified_gmt":"2025-01-08T10:39:26","slug":"saxophone-alto-selmer-signature-passive-pao","status":"publish","type":"product","link":"https:\/\/saxmachineparis.com\/en\/catalogue\/saxophone-alto-selmer-signature-passive-pao\/","title":{"rendered":"Saxophone Alto Selmer Signature passiv\u00e9 (PAO)"},"content":{"rendered":"<ul>\n<li>\n<h3><strong>Le renouveau du Super Action 80 S\u00e9rie II<\/strong><\/h3>\n<\/li>\n<\/ul>\n<p class=\"p1\">Depuis sa sortie en 1986, l&#8217;alto Super Action 80 S\u00e9rie II a marqu\u00e9 l&#8217;histoire. Tout en conservant ses caract\u00e9ristiques sonores, <strong>l&#8217;alto Signature offre une meilleure justesse<\/strong>, en particulier dans les aigus, et favorise l\u2019\u00e9mission du registre grave.<\/p>\n<p class=\"p1\">Son ergonomie, \u00e9galement inspir\u00e9e du S\u00e9rie II pour r\u00e9pondre aux besoins de tous les musiciens, b\u00e9n\u00e9ficie des <strong>derni\u00e8res innovations mises au point pour le Supreme<\/strong> : nouveau syst\u00e8me d&#8217;embo\u00eeture du bocal \u00e0 3 points pour une meilleure homog\u00e9n\u00e9it\u00e9 du son, bague de serrage en maillechort pour plus de densit\u00e9 dans cette zone sensible, cl\u00e9 d\u2019octave avec paliers en t\u00e9flon pour plus de fluidit\u00e9 m\u00e9canique.<\/p>\n<ul>\n<li>\n<h3><strong>Des qualit\u00e9s acoustiques remarquables<\/strong><\/h3>\n<\/li>\n<\/ul>\n<p class=\"p1\">L&#8217;alto Signature se distingue par ses qualit\u00e9s acoustiques remarquables, offrant <b>un son g\u00e9n\u00e9reux et rond<\/b>. Ces caract\u00e9ristiques sont appr\u00e9ci\u00e9es aussi bien par les saxophonistes de jazz que par de nombreux musiciens classiques qui s&#8217;identifient \u00e0 l&#8217;\u00c9cole fran\u00e7aise.<\/p>\n<p>On appr\u00e9cie l&#8217;alto Signature pour sa <strong>belle<\/strong> <strong>richesse de timbre<\/strong>, sa <strong>flexibilit\u00e9 de jeu<\/strong> et sa <strong>grande capacit\u00e9 de projection<\/strong>.<\/p>\n<p class=\"p1\">Gr\u00e2ce \u00e0 sa nouvelle perce de bocal, l&#8217;alto Signature pr\u00e9sente une am\u00e9lioration significative de la <b>justesse<\/b>, en corrigeant les rapports d&#8217;octave de la main gauche et du registre aigu. De plus, le bocal facilite l&#8217;\u00e9mission des notes graves, procurant une sensation de <b>confort<\/b> exceptionnelle.<\/p>\n<ul>\n<li>\n<h3><strong>Une esth\u00e9tique \u00e9l\u00e9gante<\/strong><\/h3>\n<\/li>\n<\/ul>\n<p class=\"p1\">Par\u00e9 d\u2019une gravure originale au style Art D\u00e9co rendant hommage aux gestes s\u00e9culaires transmis de g\u00e9n\u00e9ration en g\u00e9n\u00e9ration au sein de la Manufacture SELMER situ\u00e9e depuis 1919 \u00e0 Mantes-la-Ville, l\u2019alto Signature est un saxophone \u00e0 la fois <strong>traditionnel et porteur de modernit\u00e9.<\/strong><\/p>\n<p><iframe loading=\"lazy\" title=\"New Signature alto and tenor saxophones\" width=\"500\" height=\"281\" src=\"https:\/\/www.youtube.com\/embed\/z3vFlMNOmWc?feature=oembed\" frameborder=\"0\" allow=\"accelerometer; autoplay; clipboard-write; encrypted-media; gyroscope; picture-in-picture; web-share\" referrerpolicy=\"strict-origin-when-cross-origin\" allowfullscreen><\/iframe><\/p>\n","protected":false},"excerpt":{"rendered":"<p class=\"conditionnement\">*Instrument livr\u00e9 avec \u00e9tui &#8220;Signature&#8221; et bec &#8220;Concept&#8221;<\/p>\n<p class=\"conditionnement\">*Tous nos saxophones Selmer sont s\u00e9lectionn\u00e9s par un musicien professionnel<\/p>\n<p><strong>Finitions<\/strong> <strong>sur commande<\/strong> : <a href=\"https:\/\/saxmachineparis.com\/catalogue\/saxophone-alto-selmer-signature-verni\/\">Verni Gold Grav\u00e9 (DGG)<\/a>, <a href=\"https:\/\/saxmachineparis.com\/catalogue\/saxophone-alto-selmer-signature-argente-ag\/\">Argent\u00e9 Grav\u00e9 (AG)<\/a>, <a href=\"https:\/\/saxmachineparis.com\/catalogue\/saxophone-alto-selmer-signature-brosse-bgg\/\">Bross\u00e9 Grav\u00e9 (BGG)<\/a>, <a href=\"https:\/\/saxmachineparis.com\/catalogue\/saxophone-alto-selmer-signature-noir-ng\/\">Noir Grav\u00e9 (NG)<\/a>, Passiv\u00e9 Grav\u00e9 (PAO), <a href=\"http:\/\/saxophone-alto-selmer-signature-plaque-or-auo\">Plaqu\u00e9 Or (AUG)<\/a>, <a href=\"http:\/\/saxophone-alto-selmer-signature-argent-massif-amg\">Argent Massif (AMG)<\/a><\/p>\n<p><img decoding=\"async\" src=\"https:\/\/saxmachineparis.com\/wp-content\/uploads\/2018\/12\/logo-henri-selmer-paris.jpg\" alt=\"logo henri selmer paris sax-machine\" width=\"100\" \/>\u00a0 \u00a0 \u00a0 \u00a0 \u00a0 \u00a0<img loading=\"lazy\" decoding=\"async\" class=\"alignnone wp-image-36246\" src=\"https:\/\/saxmachineparis.com\/wp-content\/uploads\/2023\/09\/signature-600x270.jpg\" alt=\"\" width=\"169\" height=\"76\" srcset=\"https:\/\/saxmachineparis.com\/wp-content\/uploads\/2023\/09\/signature-600x270.jpg 600w, https:\/\/saxmachineparis.com\/wp-content\/uploads\/2023\/09\/signature-1000x449.jpg 1000w, https:\/\/saxmachineparis.com\/wp-content\/uploads\/2023\/09\/signature-768x345.jpg 768w, https:\/\/saxmachineparis.com\/wp-content\/uploads\/2023\/09\/signature-1536x690.jpg 1536w, https:\/\/saxmachineparis.com\/wp-content\/uploads\/2023\/09\/signature.jpg 1754w\" sizes=\"auto, (max-width: 169px) 100vw, 169px\" \/><\/p>\n<ul>\n<li>Nouvelle gravure exclusive<\/li>\n<li>Tonalit\u00e9 : Mib<\/li>\n<li>Tessiture : du Sib grave au Fa# aigu<\/li>\n<li>Emboiture \u00e0 serrage concentrique 3 points<\/li>\n<li>Bague de serrage de l&#8217;emboiture r\u00e9glable<\/li>\n<li>Support pouce en m\u00e9tal dor\u00e9 \u00e0 l&#8217;or fin<\/li>\n<li>Tampons cuir, r\u00e9sonateur m\u00e9tal<\/li>\n<li>Touches en nacres naturelles serties<\/li>\n<\/ul>\n<p>&nbsp;<\/p>\n<p>&nbsp;<\/p>\n<div class=\"contact-button-woocommerce\"><a href=\"tel:+33145260529\">Nous contacter :\u00a001 45 26 05 20<\/a><\/div>\n","protected":false},"featured_media":40442,"comment_status":"open","ping_status":"closed","template":"","meta":{"_acf_changed":false},"product_brand":[],"product_cat":[974],"product_tag":[1255,1224],"class_list":{"0":"post-40267","1":"product","2":"type-product","3":"status-publish","4":"has-post-thumbnail","6":"product_cat-alto","7":"product_tag-modele-professionnel","8":"product_tag-saxophone","10":"first","11":"instock","12":"sale","13":"purchasable","14":"product-type-simple"},"acf":[],"_links":{"self":[{"href":"https:\/\/saxmachineparis.com\/en\/wp-json\/wp\/v2\/product\/40267","targetHints":{"allow":["GET"]}}],"collection":[{"href":"https:\/\/saxmachineparis.com\/en\/wp-json\/wp\/v2\/product"}],"about":[{"href":"https:\/\/saxmachineparis.com\/en\/wp-json\/wp\/v2\/types\/product"}],"replies":[{"embeddable":true,"href":"https:\/\/saxmachineparis.com\/en\/wp-json\/wp\/v2\/comments?post=40267"}],"wp:featuredmedia":[{"embeddable":true,"href":"https:\/\/saxmachineparis.com\/en\/wp-json\/wp\/v2\/media\/40442"}],"wp:attachment":[{"href":"https:\/\/saxmachineparis.com\/en\/wp-json\/wp\/v2\/media?parent=40267"}],"wp:term":[{"taxonomy":"product_brand","embeddable":true,"href":"https:\/\/saxmachineparis.com\/en\/wp-json\/wp\/v2\/product_brand?post=40267"},{"taxonomy":"product_cat","embeddable":true,"href":"https:\/\/saxmachineparis.com\/en\/wp-json\/wp\/v2\/product_cat?post=40267"},{"taxonomy":"product_tag","embeddable":true,"href":"https:\/\/saxmachineparis.com\/en\/wp-json\/wp\/v2\/product_tag?post=40267"}],"curies":[{"name":"wp","href":"https:\/\/api.w.org\/{rel}","templated":true}]}}