{"id":37842,"date":"2024-02-02T16:16:16","date_gmt":"2024-02-02T16:16:16","guid":{"rendered":"https:\/\/sites.lecyclopeduweb.fr\/saxmachineparis\/?post_type=product&#038;p=37842"},"modified":"2024-02-02T17:18:33","modified_gmt":"2024-02-02T17:18:33","slug":"bec-selmer-jazz-flow-alto-new","status":"publish","type":"product","link":"https:\/\/saxmachineparis.com\/en\/catalogue\/bec-selmer-jazz-flow-alto-new\/","title":{"rendered":"Bec Selmer Jazz Flow Alto NEW"},"content":{"rendered":"<div class=\"page\" data-page-number=\"3\" data-loaded=\"true\">\n<div class=\"textLayer\">\n<h3>Un hommage au Jazz et \u00e0 l&#8217;Histoire :<\/h3>\n<p>Inspir\u00e9 des grands becs qui ont accompagn\u00e9 l\u2019histoire du Jazz, ce nouveau bec pour saxophone alto porte le nom<\/p>\n<p>En Jazz, le &#8220;flow&#8221; se r\u00e9f\u00e8re \u00e0 la <b>FLUIDIT\u00c9<\/b> et \u00e0 la <b>SPONTAN\u00c9IT\u00c9<\/b> dans <b>L&#8217;IMPROVISATION MUSICALE<\/b>, o\u00f9 les musiciens interagissent de mani\u00e8re coh\u00e9rente et fluide tout en cr\u00e9ant de la musique en temps r\u00e9el. C&#8217;est une sensation de continuit\u00e9 et de communication musicale naturelle.<\/p>\n<p>Ce nom est \u00e9galement inspir\u00e9 d\u2019un des premiers mod\u00e8les de bec de SELMER des ann\u00e9es 50, le <b>AIR FLOW<\/b>. Anc\u00eatre du Soloist, ce bec tr\u00e8s FLEXIBLE offrait une <b>GRANDE PALETTE DE TEXTURES SONORES AUX MUSICIENS<\/b>.<\/p>\n<h3>Signature acoustique :<\/h3>\n<p>Gr\u00e2ce \u00e0 son expertise acoustique et \u00e0 la collaboration avec des musiciens prestigieux, Henri SELMER Paris cr\u00e9e <b>un Bec <\/b>offrant une <b>signature acoustique universelle, particuli\u00e8rement adapt\u00e9e au jazz et aux musiques actuelles (Funk, pop, \u00e9lectro, musiques du monde).<\/b> Sa sonorit\u00e9 se caract\u00e9rise par une <b>densit\u00e9<\/b>, une profondeur de grain et une <b>chaleur sonore exceptionnelles<\/b>. \u200b<\/p>\n<\/div>\n<\/div>\n<div class=\"page\" data-page-number=\"4\" data-loaded=\"true\">\n<h3 class=\"textLayer\">Existe en deux ouvertures :<\/h3>\n<div>\n<p>5 : 1,95mm<\/p>\n<p>7 : 2,05mm<\/p>\n<\/div>\n<\/div>\n","protected":false},"excerpt":{"rendered":"<p class=\"conditionnement\">*Prix indiqu\u00e9 pour bec nu<\/p>\n<p><img decoding=\"async\" src=\"https:\/\/saxmachineparis.com\/wp-content\/uploads\/2018\/12\/logo-henri-selmer-paris.jpg\" alt=\"logo henri selmer paris sax-machine\" width=\"100\" \/><\/p>\n<p>OUVERTURES : 5 \/ 7<\/p>\n","protected":false},"featured_media":37843,"comment_status":"open","ping_status":"closed","template":"","meta":{"_acf_changed":false},"product_brand":[],"product_cat":[2431,1313],"product_tag":[1314],"class_list":{"0":"post-37842","1":"product","2":"type-product","3":"status-publish","4":"has-post-thumbnail","6":"product_cat-bec-alto","7":"product_cat-becs","8":"product_tag-bec-alto","9":"pa_becs-saxophone-alto","10":"pa_marque-selmer","11":"pa_materiau-bec-ebonite","12":"pa_style-bec-bec-jazz","14":"first","15":"instock","16":"sale","17":"taxable","18":"shipping-taxable","19":"purchasable","20":"product-type-simple"},"acf":[],"_links":{"self":[{"href":"https:\/\/saxmachineparis.com\/en\/wp-json\/wp\/v2\/product\/37842","targetHints":{"allow":["GET"]}}],"collection":[{"href":"https:\/\/saxmachineparis.com\/en\/wp-json\/wp\/v2\/product"}],"about":[{"href":"https:\/\/saxmachineparis.com\/en\/wp-json\/wp\/v2\/types\/product"}],"replies":[{"embeddable":true,"href":"https:\/\/saxmachineparis.com\/en\/wp-json\/wp\/v2\/comments?post=37842"}],"wp:featuredmedia":[{"embeddable":true,"href":"https:\/\/saxmachineparis.com\/en\/wp-json\/wp\/v2\/media\/37843"}],"wp:attachment":[{"href":"https:\/\/saxmachineparis.com\/en\/wp-json\/wp\/v2\/media?parent=37842"}],"wp:term":[{"taxonomy":"product_brand","embeddable":true,"href":"https:\/\/saxmachineparis.com\/en\/wp-json\/wp\/v2\/product_brand?post=37842"},{"taxonomy":"product_cat","embeddable":true,"href":"https:\/\/saxmachineparis.com\/en\/wp-json\/wp\/v2\/product_cat?post=37842"},{"taxonomy":"product_tag","embeddable":true,"href":"https:\/\/saxmachineparis.com\/en\/wp-json\/wp\/v2\/product_tag?post=37842"}],"curies":[{"name":"wp","href":"https:\/\/api.w.org\/{rel}","templated":true}]}}