{"id":31924,"date":"2022-03-15T16:48:14","date_gmt":"2022-03-15T16:48:14","guid":{"rendered":"https:\/\/sites.lecyclopeduweb.fr\/saxmachineparis\/?post_type=product&#038;p=31924"},"modified":"2022-03-15T16:55:08","modified_gmt":"2022-03-15T16:55:08","slug":"bec-meyer-alto-new-york","status":"publish","type":"product","link":"https:\/\/saxmachineparis.com\/en\/catalogue\/bec-meyer-alto-new-york\/","title":{"rendered":"Bec Meyer alto New York"},"content":{"rendered":"<h3>Un contr\u00f4le du son et une facilit\u00e9 de jeu sans \u00e9gal.<\/h3>\n<p>\u00c0 la demande de nombreux saxophonistes, ce mod\u00e8le embl\u00e9matique de la marque revient en force afin d\u2019offrir \u00e0 chaque musicien, qu\u2019il soit \u00e9tudiant ou professionnel, un confort sonore et une aisance d\u2019\u00e9mission in\u00e9gal\u00e9s. Une projection accrue, un son facile \u00e0 contr\u00f4ler, vibrant, color\u00e9, voil\u00e0 les caract\u00e9ristiques de ce bec anniversaire.<\/p>\n<h3>\nLa pr\u00e9cision, un credo de la marque.<\/h3>\n<p>L&#8217;utilisation de machines calibr\u00e9es au centi\u00e8me de millim\u00e8tre permet \u00e0 Meyer de proposer \u00e0 chaque musicien un bec usin\u00e9 au summum de la pr\u00e9cision. Un polissage manuel par les employ\u00e9s les plus qualifi\u00e9s de la firme vient compl\u00e9ter ce processus de fabrication dont la r\u00e9putation n&#8217;est plus \u00e0 faire.<\/p>\n<p>Ouvertures disponibles : 5 \/ 6 \/ 7 \/ 8<\/p>\n<p>&nbsp;<\/p>\n","protected":false},"excerpt":{"rendered":"<p class=\"conditionnement\">*Bec livr\u00e9 avec ligature et couvre bec<\/p>\n<p><img decoding=\"async\" src=\"https:\/\/saxmachineparis.com\/wp-content\/uploads\/2019\/03\/logo-meyer.jpg\" alt=\"\" width=\"100\" \/><\/p>\n<p>Ouvertures : 5 \/ 6 \/ 7 \/ 8<\/p>\n","protected":false},"featured_media":31925,"comment_status":"open","ping_status":"closed","template":"","meta":{"_acf_changed":false},"product_brand":[],"product_cat":[2431,1313],"product_tag":[1314,1372,1374],"class_list":{"0":"post-31924","1":"product","2":"type-product","3":"status-publish","4":"has-post-thumbnail","6":"product_cat-bec-alto","7":"product_cat-becs","8":"product_tag-bec-alto","9":"product_tag-bec-ebonite","10":"product_tag-bec-jazz","11":"pa_becs-saxophone-alto","12":"pa_marque-meyer","13":"pa_materiau-bec-ebonite","14":"pa_style-bec-bec-jazz","16":"first","17":"instock","18":"sale","19":"taxable","20":"shipping-taxable","21":"purchasable","22":"product-type-simple"},"acf":[],"_links":{"self":[{"href":"https:\/\/saxmachineparis.com\/en\/wp-json\/wp\/v2\/product\/31924","targetHints":{"allow":["GET"]}}],"collection":[{"href":"https:\/\/saxmachineparis.com\/en\/wp-json\/wp\/v2\/product"}],"about":[{"href":"https:\/\/saxmachineparis.com\/en\/wp-json\/wp\/v2\/types\/product"}],"replies":[{"embeddable":true,"href":"https:\/\/saxmachineparis.com\/en\/wp-json\/wp\/v2\/comments?post=31924"}],"wp:featuredmedia":[{"embeddable":true,"href":"https:\/\/saxmachineparis.com\/en\/wp-json\/wp\/v2\/media\/31925"}],"wp:attachment":[{"href":"https:\/\/saxmachineparis.com\/en\/wp-json\/wp\/v2\/media?parent=31924"}],"wp:term":[{"taxonomy":"product_brand","embeddable":true,"href":"https:\/\/saxmachineparis.com\/en\/wp-json\/wp\/v2\/product_brand?post=31924"},{"taxonomy":"product_cat","embeddable":true,"href":"https:\/\/saxmachineparis.com\/en\/wp-json\/wp\/v2\/product_cat?post=31924"},{"taxonomy":"product_tag","embeddable":true,"href":"https:\/\/saxmachineparis.com\/en\/wp-json\/wp\/v2\/product_tag?post=31924"}],"curies":[{"name":"wp","href":"https:\/\/api.w.org\/{rel}","templated":true}]}}