{"id":31752,"date":"2022-02-22T16:22:00","date_gmt":"2022-02-22T16:22:00","guid":{"rendered":"https:\/\/sites.lecyclopeduweb.fr\/saxmachineparis\/?post_type=product&#038;p=31752"},"modified":"2025-07-03T09:26:13","modified_gmt":"2025-07-03T09:26:13","slug":"saxophone-baryton-yamaha-ybs82-custom","status":"publish","type":"product","link":"https:\/\/saxmachineparis.com\/en\/catalogue\/saxophone-baryton-yamaha-ybs82-custom\/","title":{"rendered":"Saxophone Baryton Yamaha YBS82 Custom"},"content":{"rendered":"<p>R\u00e9sultat de nombreuses ann\u00e9es de recherche et de d\u00e9veloppement, le YBS-82 est le premier baryton Custom de la gamme des saxophones Yamaha.<\/p>\n<p>Instrument polyvalent, il a \u00e9t\u00e9 con\u00e7u pour s\u2019adapter \u00e0 de nombreux genres musicaux. Le 82 est disponible avec ou sans fa# aigu.<\/p>\n<p>Avec cet instrument, Yamaha propose une nouvelle gamme de bocaux optionnels, mod\u00e8les C1, E1 et V1, disponibles en 6 finitions. Ils offriront aux musiciens un large \u00e9ventail de possibilit\u00e9s de configurations sonores.<\/p>\n<p>Bien plus qu&#8217;un simple instrument dans le registre grave, le YBS-82 a la polyvalence n\u00e9cessaire pour assumer des r\u00f4les de soliste.<\/p>\n<h2><strong>Caract\u00e9ristiques :<\/strong><\/h2>\n<p><img loading=\"lazy\" decoding=\"async\" class=\"alignleft size-full wp-image-5744\" src=\"https:\/\/saxmachineparis.com\/wp-content\/uploads\/2019\/02\/baryton-ybs32-system-octave.jpg\" alt=\"baryton yamaha YBS32 system d'octave\" width=\"240\" height=\"304\" \/><br \/>\nPavillon 1 pi\u00e8ce. Sa conception plus courte apporte une sonorit\u00e9 plus consistante et riche dans tous les registres.<\/p>\n<p>En plus de l\u2019utilisation de cl\u00e9s l\u00e9g\u00e8res et de nouveaux supports, l\u2019ergonomie et l\u2019\u00e9quilibre g\u00e9n\u00e9ral ont \u00e9t\u00e9 affin\u00e9s pour un positionnement des mains plus naturel et sans stress et une meilleure jouabilit\u00e9.<\/p>\n<p>Le YBS-82 est fourni avec un bocal Custom C1, offrant une r\u00e9ponse rapide, un phras\u00e9 pr\u00e9cis ainsi qu\u2019un son bien d\u00e9fini et polyvalent. Un certain nombre de bocaux sont disponibles en option : 3 diam\u00e8tres de perce dans 6 configurations pour un total de 18 variations, ce qui permet aux musiciens de choisir le bocal id\u00e9al en fonction de leurs jeux et de leurs pr\u00e9f\u00e9rences tonales.<\/p>\n<p>L&#8217;attache pour pique et la pique sont \u00e0 la fois l\u00e9g\u00e8res et robustes, con\u00e7ues pour offrir un parfait \u00e9quilibre de l&#8217;instrument et faciliter la manipulation de celui-ci.<\/p>\n<p>&nbsp;<\/p>\n<p>&nbsp;<\/p>\n<p><iframe loading=\"lazy\" title=\"Lucas Saint-Cricq | Saxophone baryton YBS-82 | Yamaha Music\" width=\"500\" height=\"281\" src=\"https:\/\/www.youtube.com\/embed\/jx_MnTKSVf8?list=PLLXni64OuCxIWzPSkgF0ZAKPLmM1kyxs4\" frameborder=\"0\" allow=\"accelerometer; autoplay; clipboard-write; encrypted-media; gyroscope; picture-in-picture; web-share\" referrerpolicy=\"strict-origin-when-cross-origin\" allowfullscreen><\/iframe><\/p>\n","protected":false},"excerpt":{"rendered":"<p><strong>Finition<\/strong> :\u00a0 verni, argent\u00e9 ou non verni sur commande<\/p>\n<p><img decoding=\"async\" src=\"https:\/\/saxmachineparis.com\/wp-content\/uploads\/2019\/01\/logo-yamaha.png\" alt=\"logo Yamaha\" width=\"100\" \/><\/p>\n<ul>\n<li>Tonalit\u00e9 : Mib<\/li>\n<li>Nouvelle gravure<\/li>\n<li>Registre : La grave \u00e0 Fa # aigu<\/li>\n<li>Support pouce r\u00e9glable<\/li>\n<li>Tampons cuir<\/li>\n<li>Les ressorts aiguille r\u00e9sistants \u00e0 la corrosion<\/li>\n<li>Etui rigide \u00e0 roulette<\/li>\n<li>Bec 5C<\/li>\n<\/ul>\n<div class=\"contact-button-woocommerce\"><a href=\"tel:+33145260529\">Nous contacter :\u00a001 45 26 05 20<\/a><\/div>\n","protected":false},"featured_media":31753,"comment_status":"open","ping_status":"closed","template":"","meta":{"_acf_changed":false},"product_brand":[],"product_cat":[1197],"product_tag":[1255,1224],"class_list":{"0":"post-31752","1":"product","2":"type-product","3":"status-publish","4":"has-post-thumbnail","6":"product_cat-baryton","7":"product_tag-modele-professionnel","8":"product_tag-saxophone","10":"first","11":"instock","12":"sale","13":"purchasable","14":"product-type-simple"},"acf":[],"_links":{"self":[{"href":"https:\/\/saxmachineparis.com\/en\/wp-json\/wp\/v2\/product\/31752","targetHints":{"allow":["GET"]}}],"collection":[{"href":"https:\/\/saxmachineparis.com\/en\/wp-json\/wp\/v2\/product"}],"about":[{"href":"https:\/\/saxmachineparis.com\/en\/wp-json\/wp\/v2\/types\/product"}],"replies":[{"embeddable":true,"href":"https:\/\/saxmachineparis.com\/en\/wp-json\/wp\/v2\/comments?post=31752"}],"wp:featuredmedia":[{"embeddable":true,"href":"https:\/\/saxmachineparis.com\/en\/wp-json\/wp\/v2\/media\/31753"}],"wp:attachment":[{"href":"https:\/\/saxmachineparis.com\/en\/wp-json\/wp\/v2\/media?parent=31752"}],"wp:term":[{"taxonomy":"product_brand","embeddable":true,"href":"https:\/\/saxmachineparis.com\/en\/wp-json\/wp\/v2\/product_brand?post=31752"},{"taxonomy":"product_cat","embeddable":true,"href":"https:\/\/saxmachineparis.com\/en\/wp-json\/wp\/v2\/product_cat?post=31752"},{"taxonomy":"product_tag","embeddable":true,"href":"https:\/\/saxmachineparis.com\/en\/wp-json\/wp\/v2\/product_tag?post=31752"}],"curies":[{"name":"wp","href":"https:\/\/api.w.org\/{rel}","templated":true}]}}