{"id":31728,"date":"2022-02-22T15:09:50","date_gmt":"2022-02-22T15:09:50","guid":{"rendered":"https:\/\/sites.lecyclopeduweb.fr\/saxmachineparis\/?post_type=product&#038;p=31728"},"modified":"2026-01-17T12:04:00","modified_gmt":"2026-01-17T12:04:00","slug":"saxophone-alto-selmer-supreme-brosse-bgg","status":"publish","type":"product","link":"https:\/\/saxmachineparis.com\/en\/catalogue\/saxophone-alto-selmer-supreme-brosse-bgg\/","title":{"rendered":"Saxophone Alto Selmer Supreme bross\u00e9 (BGG)"},"content":{"rendered":"<p>Apre\u0300s 100 ans d\u2019innovation, de conception et de fabrication du saxophone, Henri SELMER Paris rede\u0301finit<strong>\u00a0l\u2019identite\u0301 moderne du saxophone alto\u00a0<\/strong>en cre\u0301ant le Supreme.<\/p>\n<ul>\n<li>\n<h3><strong>L\u2019innovation au service de la tradition<\/strong><\/h3>\n<\/li>\n<\/ul>\n<p>La re\u0301alisation de ce nouvel instrument incarne<strong>\u00a0<\/strong>l\u2019aboutissement d\u2019un savoir-faire se\u0301culaire, conjugue\u0301 a\u0300 un outil de fabrication parfaitement mai\u0302trise\u0301, a\u0300 la hauteur de l\u2019ambition de la Maison Henri SELMER Paris.<\/p>\n<p>Le Supr\u00eame s\u2019\u00e9l\u00e8ve au-dessus des esth\u00e9tiques musicales. Il porte en lui les qualit\u00e9s communes aux mod\u00e8les qui l\u2019ont pr\u00e9c\u00e9d\u00e9, r\u00e9pondant aux d\u00e9sirs de tous les profils de saxophonistes : beaut\u00e9 et soin de r\u00e9alisation du\u00a0<em><strong>Balanced Action<\/strong>,\u00a0<\/em>souplesse l\u00e9gendaire du<em>\u00a0<strong>Mark VI<\/strong><\/em>, facilit\u00e9 du\u00a0<strong><em>Super Action 80 S\u00e9rie II<\/em><\/strong>, pr\u00e9cision et \u00e9l\u00e9gance du\u00a0<em><strong>S\u00e9rie III<\/strong><\/em>, puissance et rondeur du<em>\u00a0<strong>R\u00e9f\u00e9rence<\/strong><\/em>.<\/p>\n<ul>\n<li>\n<h3><strong>Plaisir et \u00e9vidence de jeu<\/strong><\/h3>\n<\/li>\n<\/ul>\n<p>Il se caracte\u0301rise par une<strong>\u00a0justesse parfaitement e\u0301quilibre\u0301e<\/strong>, des<strong>\u00a0couleurs sonores infinies<\/strong>, et une\u00a0<strong>grande pre\u0301cision d\u2019e\u0301mission<\/strong>. Sa rondeur et sa capacite\u0301 de projection en font un instrument a\u0300 la fois traditionnel et re\u0301solument moderne. Sa flexibilit\u00e9 et sa facilit\u00e9 de jeu gomment les contraintes naturelles inhe\u0301rentes au saxophone. Le raffinement et le soin apporte\u0301s a\u0300 sa fabrication ainsi qu\u2019une ergonomie entie\u0300rement corrige\u0301e, re\u0301ve\u0300lent\u00a0<strong>un plaisir et une e\u0301vidence de jeu ine\u0301dits<\/strong>.<\/p>\n<p>L\u2019esth\u00e9tique globale du\u00a0<em>Supr\u00eame\u00a0<\/em>a \u00e9t\u00e9 revisit\u00e9e, \u00e9voquant la fluidit\u00e9 de jeu par des lignes \u00e9pur\u00e9es et la rondeur par l\u2019arrondissement des angles.<br \/>\nLa gravure de l\u2019alto Supreme \u00e9voque l\u2019universalit\u00e9.<br \/>\nLa gen\u00e8se du son s\u2019incarne dans l\u2019explosion m\u00ealant le v\u00e9g\u00e9tal, traditionnelle gravure Selmer, aux cubes illustrant la structure des mol\u00e9cules du m\u00e9tal.<br \/>\nLe souffle provoqu\u00e9 par cette naissance, \u00e9voque la projection de l\u2019air, le mouvement, la vitesse, la vie. Un disque en arri\u00e8re-plan \u00e9voquant une plan\u00e8te, fait \u00e9cho \u00e0 cette notion d\u2019espace infini.<\/p>\n<p><img loading=\"lazy\" decoding=\"async\" class=\"alignnone size-medium wp-image-32033\" src=\"https:\/\/saxmachineparis.com\/wp-content\/uploads\/2021\/03\/Tenon-Bocal.jpeg\" alt=\"\" width=\"450\" height=\"530\" \/>.\u00a0 <img loading=\"lazy\" decoding=\"async\" class=\"alignnone size-medium wp-image-32027\" src=\"https:\/\/saxmachineparis.com\/wp-content\/uploads\/2021\/03\/De\u0301tail-2.jpeg\" alt=\"\" width=\"450\" height=\"530\" \/><\/p>\n<p><img loading=\"lazy\" decoding=\"async\" class=\"alignnone size-medium wp-image-32030\" src=\"https:\/\/saxmachineparis.com\/wp-content\/uploads\/2021\/03\/De\u0301tail-3.jpeg\" alt=\"\" width=\"450\" height=\"530\" \/>.\u00a0 \u00a0 \u00a0 \u00a0 \u00a0 <img loading=\"lazy\" decoding=\"async\" class=\"alignnone wp-image-32021\" src=\"https:\/\/saxmachineparis.com\/wp-content\/uploads\/2021\/03\/Gravure-429x600.jpeg\" alt=\"\" width=\"376\" height=\"526\" srcset=\"https:\/\/saxmachineparis.com\/wp-content\/uploads\/2021\/03\/Gravure-429x600.jpeg 429w, https:\/\/saxmachineparis.com\/wp-content\/uploads\/2021\/03\/Gravure.jpeg 500w\" sizes=\"auto, (max-width: 376px) 100vw, 376px\" \/><\/p>\n<p><img loading=\"lazy\" decoding=\"async\" class=\"alignnone wp-image-32018\" src=\"https:\/\/saxmachineparis.com\/wp-content\/uploads\/2021\/03\/Accessoires.jpeg\" alt=\"\" width=\"483\" height=\"483\" srcset=\"https:\/\/saxmachineparis.com\/wp-content\/uploads\/2021\/03\/Accessoires.jpeg 570w, https:\/\/saxmachineparis.com\/wp-content\/uploads\/2021\/03\/Accessoires-250x250.jpeg 250w, https:\/\/saxmachineparis.com\/wp-content\/uploads\/2021\/03\/Accessoires-300x300.jpeg 300w, https:\/\/saxmachineparis.com\/wp-content\/uploads\/2021\/03\/Accessoires-100x100.jpeg 100w\" sizes=\"auto, (max-width: 483px) 100vw, 483px\" \/>.<\/p>\n<p>&nbsp;<\/p>\n<p><iframe loading=\"lazy\" title=\"Discover Supreme, the new Henri SELMER Paris alto saxophone (full video)\" width=\"500\" height=\"281\" src=\"https:\/\/www.youtube.com\/embed\/jC_sXSof8z8?feature=oembed\" frameborder=\"0\" allow=\"accelerometer; autoplay; clipboard-write; encrypted-media; gyroscope; picture-in-picture; web-share\" referrerpolicy=\"strict-origin-when-cross-origin\" allowfullscreen><\/iframe><\/p>\n","protected":false},"excerpt":{"rendered":"<p class=\"conditionnement\">*Instrument livr\u00e9 avec \u00e9tui &#8220;Supreme&#8221; et bec &#8220;Concept&#8221;<\/p>\n<p class=\"conditionnement\">*Tous nos saxophones Selmer sont s\u00e9lectionn\u00e9s par un musicien professionnel<\/p>\n<p><strong>Finitions :<\/strong> <a href=\"https:\/\/saxmachineparis.com\/catalogue\/saxophone-alto-selmer-supreme\/\">Verni Dark Gold Grav\u00e9 (DGG)<\/a> et sur demande : <a href=\"https:\/\/saxmachineparis.com\/catalogue\/saxophone-alto-selmer-supreme-noir-grave-ng\/\">Noir Grav\u00e9 (NG)<\/a>, <a href=\"https:\/\/saxmachineparis.com\/catalogue\/saxophone-alto-selmer-supreme-ag\/\">Argent\u00e9 Grav\u00e9 (AG)<\/a>, Bross\u00e9 Grav\u00e9 (BGG), <a href=\"https:\/\/saxmachineparis.com\/catalogue\/saxophone-alto-selmer-supreme-passive-pao\/\">Passiv\u00e9 Grav\u00e9 (PAO)<\/a>, <a href=\"https:\/\/saxmachineparis.com\/catalogue\/saxophone-alto-selmer-supreme-plaque-or-aug\/\">Plaqu\u00e9 Or (AUG)<\/a>, <a href=\"https:\/\/saxmachineparis.com\/catalogue\/saxophone-alto-selmer-supreme-argent-massif-amg\/\">Argent Massif (AMG)<\/a><br \/>\n<img decoding=\"async\" src=\"https:\/\/saxmachineparis.com\/wp-content\/uploads\/2018\/12\/logo-henri-selmer-paris.jpg\" alt=\"logo henri selmer paris sax-machine\" width=\"100\" \/><\/p>\n<ul>\n<li>Nouvelle gravure exclusive<\/li>\n<li>Tonalit\u00e9 : Mib<\/li>\n<li>Tessiture : du Sib grave au Fa# aigu<\/li>\n<li>M\u00e9canisme de correction Do medium et Do# aigu<\/li>\n<li>Emboiture \u00e0 serrage concentrique 3 points<\/li>\n<li>Bague de serrage de l&#8217;emboiture r\u00e9glable<\/li>\n<li>Support pouce main droite r\u00e9glable en m\u00e9tal<\/li>\n<li>Tampons cuir, r\u00e9sonateur m\u00e9tal<\/li>\n<li>Clavier petit doigt main gauche avec bascule articul\u00e9e<\/li>\n<li>Bras de r\u00e9glage direct entre les cl\u00e9s Fa# et Fa main droite<\/li>\n<\/ul>\n<p>&nbsp;<\/p>\n<p>&nbsp;<\/p>\n<div class=\"contact-button-woocommerce\"><a href=\"tel:+33145260529\">Nous contacter :\u00a001 45 26 05 20<\/a><\/div>\n","protected":false},"featured_media":31686,"comment_status":"open","ping_status":"closed","template":"","meta":{"_acf_changed":false},"product_brand":[],"product_cat":[974],"product_tag":[1255,1224],"class_list":{"0":"post-31728","1":"product","2":"type-product","3":"status-publish","4":"has-post-thumbnail","6":"product_cat-alto","7":"product_tag-modele-professionnel","8":"product_tag-saxophone","10":"first","11":"instock","12":"sale","13":"purchasable","14":"product-type-simple"},"acf":[],"_links":{"self":[{"href":"https:\/\/saxmachineparis.com\/en\/wp-json\/wp\/v2\/product\/31728","targetHints":{"allow":["GET"]}}],"collection":[{"href":"https:\/\/saxmachineparis.com\/en\/wp-json\/wp\/v2\/product"}],"about":[{"href":"https:\/\/saxmachineparis.com\/en\/wp-json\/wp\/v2\/types\/product"}],"replies":[{"embeddable":true,"href":"https:\/\/saxmachineparis.com\/en\/wp-json\/wp\/v2\/comments?post=31728"}],"wp:featuredmedia":[{"embeddable":true,"href":"https:\/\/saxmachineparis.com\/en\/wp-json\/wp\/v2\/media\/31686"}],"wp:attachment":[{"href":"https:\/\/saxmachineparis.com\/en\/wp-json\/wp\/v2\/media?parent=31728"}],"wp:term":[{"taxonomy":"product_brand","embeddable":true,"href":"https:\/\/saxmachineparis.com\/en\/wp-json\/wp\/v2\/product_brand?post=31728"},{"taxonomy":"product_cat","embeddable":true,"href":"https:\/\/saxmachineparis.com\/en\/wp-json\/wp\/v2\/product_cat?post=31728"},{"taxonomy":"product_tag","embeddable":true,"href":"https:\/\/saxmachineparis.com\/en\/wp-json\/wp\/v2\/product_tag?post=31728"}],"curies":[{"name":"wp","href":"https:\/\/api.w.org\/{rel}","templated":true}]}}