{"id":30277,"date":"2021-08-06T13:29:35","date_gmt":"2021-08-06T13:29:35","guid":{"rendered":"https:\/\/sites.lecyclopeduweb.fr\/saxmachineparis\/?post_type=product&#038;p=30277"},"modified":"2023-06-16T16:09:56","modified_gmt":"2023-06-16T16:09:56","slug":"bec-jody-jazz-custom-dark-alto","status":"publish","type":"product","link":"https:\/\/saxmachineparis.com\/en\/catalogue\/bec-jody-jazz-custom-dark-alto\/","title":{"rendered":"Bec Jody Jazz Custom Dark alto"},"content":{"rendered":"<p>Le bec Jody Jazz Custom Dark est un bec de r\u00e9f\u00e9rence pour les musiciens de jazz. Avec sa chambre ronde, il offre un son tr\u00e8s rond et profond. La bague en m\u00e9tal du tenon enrichit les harmoniques. Grande facilit\u00e9 d&#8217;\u00e9mission du son.<\/p>\n<p>Ouvertures :<\/p>\n<p>5 = 0.72<br \/>\n6 = 0.78<br \/>\n7 = 0.83<br \/>\n8 = 0.90<br \/>\n9 = 0.100<\/p>\n","protected":false},"excerpt":{"rendered":"<p class=\"conditionnement\">*Bec livr\u00e9 nu<\/p>\n<p><img loading=\"lazy\" decoding=\"async\" class=\"alignnone size-full wp-image-6619\" src=\"https:\/\/saxmachineparis.com\/wp-content\/uploads\/2019\/04\/logo-jody-jazz-c.png\" alt=\"logo jody jazz\" width=\"120\" height=\"90\" \/><\/p>\n<ul>\n<li>Ouvertures : 5 \/ 6 \/ 7 \/ 8 \/ 9<\/li>\n<li>Son rond et profond<\/li>\n<li>\u00c9bonite<\/li>\n<li>Pochette<\/li>\n<\/ul>\n","protected":false},"featured_media":30284,"comment_status":"open","ping_status":"closed","template":"","meta":{"_acf_changed":false},"product_brand":[],"product_cat":[2431,1313],"product_tag":[1314],"class_list":{"0":"post-30277","1":"product","2":"type-product","3":"status-publish","4":"has-post-thumbnail","6":"product_cat-bec-alto","7":"product_cat-becs","8":"product_tag-bec-alto","9":"pa_becs-saxophone-alto","10":"pa_marque-jody-jazz","11":"pa_materiau-bec-ebonite","12":"pa_style-bec-bec-jazz","14":"first","15":"instock","16":"sale","17":"taxable","18":"shipping-taxable","19":"purchasable","20":"product-type-simple"},"acf":[],"_links":{"self":[{"href":"https:\/\/saxmachineparis.com\/en\/wp-json\/wp\/v2\/product\/30277","targetHints":{"allow":["GET"]}}],"collection":[{"href":"https:\/\/saxmachineparis.com\/en\/wp-json\/wp\/v2\/product"}],"about":[{"href":"https:\/\/saxmachineparis.com\/en\/wp-json\/wp\/v2\/types\/product"}],"replies":[{"embeddable":true,"href":"https:\/\/saxmachineparis.com\/en\/wp-json\/wp\/v2\/comments?post=30277"}],"wp:featuredmedia":[{"embeddable":true,"href":"https:\/\/saxmachineparis.com\/en\/wp-json\/wp\/v2\/media\/30284"}],"wp:attachment":[{"href":"https:\/\/saxmachineparis.com\/en\/wp-json\/wp\/v2\/media?parent=30277"}],"wp:term":[{"taxonomy":"product_brand","embeddable":true,"href":"https:\/\/saxmachineparis.com\/en\/wp-json\/wp\/v2\/product_brand?post=30277"},{"taxonomy":"product_cat","embeddable":true,"href":"https:\/\/saxmachineparis.com\/en\/wp-json\/wp\/v2\/product_cat?post=30277"},{"taxonomy":"product_tag","embeddable":true,"href":"https:\/\/saxmachineparis.com\/en\/wp-json\/wp\/v2\/product_tag?post=30277"}],"curies":[{"name":"wp","href":"https:\/\/api.w.org\/{rel}","templated":true}]}}