{"id":30023,"date":"2021-06-25T14:24:41","date_gmt":"2021-06-25T14:24:41","guid":{"rendered":"https:\/\/sites.lecyclopeduweb.fr\/saxmachineparis\/?post_type=product&#038;p=30023"},"modified":"2023-06-16T16:10:17","modified_gmt":"2023-06-16T16:10:17","slug":"bec-jody-jazz-giant-tenor","status":"publish","type":"product","link":"https:\/\/saxmachineparis.com\/en\/catalogue\/bec-jody-jazz-giant-tenor\/","title":{"rendered":"Bec Jody Jazz Giant t\u00e9nor"},"content":{"rendered":"<p>Le bec Jody Jazz Giant est con\u00e7u a partir d&#8217;un nouveau mat\u00e9riau unique et innovant : l&#8217;<strong>Aluminium Anodis\u00e9<\/strong> ! Ce m\u00e9tal utilis\u00e9 dans l&#8217;industrie a\u00e9rospatial est noir et tr\u00e8s l\u00e9ger. Il conserve donc l&#8217;aspect de l&#8217;\u00e9bonite tout en donnant beaucoup de pr\u00e9cision dans le son.<\/p>\n<p>Le bec Giant offre un gros son, dark avec une belle projection. Il est excellent pour le Jazz, le Bebop ou le Big Band mais aussi pour le Rock, la Funk et le Blues !<\/p>\n<p>Ouvertures :<\/p>\n<p>6* = 0.95<br \/>\n7* = .105<br \/>\n8 = .110<br \/>\n8* = .115<\/p>\n","protected":false},"excerpt":{"rendered":"<p class=\"conditionnement\">*Bec livr\u00e9 nu<\/p>\n<p><img loading=\"lazy\" decoding=\"async\" class=\"alignnone size-full wp-image-6619\" src=\"https:\/\/saxmachineparis.com\/wp-content\/uploads\/2019\/04\/logo-jody-jazz-c.png\" alt=\"logo jody jazz\" width=\"120\" height=\"90\" \/><\/p>\n<ul>\n<li>Ouvertures : 6* \/ 7* \/ 8 \/ 8*<\/li>\n<li>Gros son, dark et profond<\/li>\n<li>M\u00e9tal (Aluminium anodis\u00e9)<\/li>\n<li>Chambre ronde<\/li>\n<li>Pochette<\/li>\n<\/ul>\n","protected":false},"featured_media":30027,"comment_status":"open","ping_status":"closed","template":"","meta":{"_acf_changed":false},"product_brand":[],"product_cat":[2434,1313],"product_tag":[1431],"class_list":{"0":"post-30023","1":"product","2":"type-product","3":"status-publish","4":"has-post-thumbnail","6":"product_cat-bec-tenor","7":"product_cat-becs","8":"product_tag-bec-tenor","9":"pa_becs-saxophone-tenor","10":"pa_marque-jody-jazz","11":"pa_materiau-bec-metal","12":"pa_style-bec-bec-jazz","14":"first","15":"instock","16":"sale","17":"taxable","18":"shipping-taxable","19":"purchasable","20":"product-type-simple"},"acf":[],"_links":{"self":[{"href":"https:\/\/saxmachineparis.com\/en\/wp-json\/wp\/v2\/product\/30023","targetHints":{"allow":["GET"]}}],"collection":[{"href":"https:\/\/saxmachineparis.com\/en\/wp-json\/wp\/v2\/product"}],"about":[{"href":"https:\/\/saxmachineparis.com\/en\/wp-json\/wp\/v2\/types\/product"}],"replies":[{"embeddable":true,"href":"https:\/\/saxmachineparis.com\/en\/wp-json\/wp\/v2\/comments?post=30023"}],"wp:featuredmedia":[{"embeddable":true,"href":"https:\/\/saxmachineparis.com\/en\/wp-json\/wp\/v2\/media\/30027"}],"wp:attachment":[{"href":"https:\/\/saxmachineparis.com\/en\/wp-json\/wp\/v2\/media?parent=30023"}],"wp:term":[{"taxonomy":"product_brand","embeddable":true,"href":"https:\/\/saxmachineparis.com\/en\/wp-json\/wp\/v2\/product_brand?post=30023"},{"taxonomy":"product_cat","embeddable":true,"href":"https:\/\/saxmachineparis.com\/en\/wp-json\/wp\/v2\/product_cat?post=30023"},{"taxonomy":"product_tag","embeddable":true,"href":"https:\/\/saxmachineparis.com\/en\/wp-json\/wp\/v2\/product_tag?post=30023"}],"curies":[{"name":"wp","href":"https:\/\/api.w.org\/{rel}","templated":true}]}}