{"id":29683,"date":"2021-06-02T10:17:22","date_gmt":"2021-06-02T10:17:22","guid":{"rendered":"https:\/\/sites.lecyclopeduweb.fr\/saxmachineparis\/?post_type=product&#038;p=29683"},"modified":"2025-09-12T16:21:55","modified_gmt":"2025-09-12T16:21:55","slug":"saxophone-digital-emeo","status":"publish","type":"product","link":"https:\/\/saxmachineparis.com\/en\/catalogue\/saxophone-digital-emeo\/","title":{"rendered":"Saxophone digital EMEO"},"content":{"rendered":"<h3>EMEO EST LE PREMIER INSTRUMENT DIGITAL POUR LES SAXOPHONISTES<\/h3>\n<p id=\"tw-target-text\" class=\"tw-data-text tw-text-large XcVN5d tw-ta\" dir=\"ltr\" data-placeholder=\"Traduction\"><span class=\"Y2IQFc\" lang=\"fr\">Que vous vous pr\u00e9pariez pour un concert, que vous appreniez des chorus, que vous am\u00e9lioriez vos comp\u00e9tences techniques ou que vous passiez simplement un bon moment, le m\u00e9canisme authentique du saxophone EMEO vous permet de le prendre et de jouer imm\u00e9diatement. <\/span><\/p>\n<p class=\"tw-data-text tw-text-large XcVN5d tw-ta\" dir=\"ltr\" data-placeholder=\"Traduction\"><span class=\"Y2IQFc\" lang=\"fr\">Le saxophone num\u00e9rique EMEO n&#8217;est pas destin\u00e9 \u00e0 remplacer les saxophones traditionnels, mais plut\u00f4t \u00e0 \u00eatre l&#8217;instrument d&#8217;entra\u00eenement parfait. Il est \u00e9galement suffisamment compact pour que vous puissiez facilement voyager, en compl\u00e9ment de votre saxophone principal.<\/span><\/p>\n<p dir=\"ltr\" data-placeholder=\"Traduction\">EMEO est vendu avec l&#8217;application RESPIRO disponible sur smartphone, tablette et ordinateurs.<\/p>\n<p><iframe loading=\"lazy\" title=\"Emeo Instruction Video\" width=\"500\" height=\"281\" src=\"https:\/\/www.youtube.com\/embed\/_QWwZDaAu7E?feature=oembed\" frameborder=\"0\" allow=\"accelerometer; autoplay; clipboard-write; encrypted-media; gyroscope; picture-in-picture; web-share\" referrerpolicy=\"strict-origin-when-cross-origin\" allowfullscreen><\/iframe><\/p>\n<p>&nbsp;<\/p>\n<p><iframe loading=\"lazy\" title=\"Baptiste Herbin: first meeting with the Emeo - digital practice horn\" width=\"500\" height=\"281\" src=\"https:\/\/www.youtube.com\/embed\/4s9pfCAeOwE?feature=oembed\" frameborder=\"0\" allow=\"accelerometer; autoplay; clipboard-write; encrypted-media; gyroscope; picture-in-picture; web-share\" referrerpolicy=\"strict-origin-when-cross-origin\" allowfullscreen><\/iframe><\/p>\n","protected":false},"excerpt":{"rendered":"<p>Instrument livr\u00e9 avec 2 bocaux, 1 bec \u00e9bonite et 1 embouchure anti-bact\u00e9rienne<\/p>\n<p><img loading=\"lazy\" decoding=\"async\" class=\"alignnone wp-image-29684\" src=\"https:\/\/saxmachineparis.com\/wp-content\/uploads\/2021\/06\/emeo-logo.jpg\" alt=\"\" width=\"237\" height=\"82\" \/><\/p>\n<ul>\n<li>vendu avec l&#8217;application RESPIRO<\/li>\n<li>m\u00e9canisme cal\u00e9 sur l&#8217;alto<\/li>\n<li>connect\u00e9 sur app par Bluetooth ou USB-C<\/li>\n<li>capteur de pression du souffle<\/li>\n<li>possibilit\u00e9 de r\u00e9gler des doigt\u00e9s sur l&#8217;application d\u00e9di\u00e9e<\/li>\n<li>batterie longue dur\u00e9e<\/li>\n<li>dimension : 50cm de long<\/li>\n<li>poids : 1,7kg<\/li>\n<li>existe en trois finitions : gold, black nickel et vintage<\/li>\n<\/ul>\n<p>&nbsp;<\/p>\n","protected":false},"featured_media":29720,"comment_status":"open","ping_status":"closed","template":"","meta":{"_acf_changed":false},"product_brand":[],"product_cat":[2344],"product_tag":[2345],"class_list":{"0":"post-29683","1":"product","2":"type-product","3":"status-publish","4":"has-post-thumbnail","6":"product_cat-saxophone-digital","7":"product_tag-saxophone-digital","8":"pa_marque-yamaha","10":"first","11":"instock","12":"taxable","13":"shipping-taxable","14":"purchasable","15":"product-type-simple"},"acf":[],"_links":{"self":[{"href":"https:\/\/saxmachineparis.com\/en\/wp-json\/wp\/v2\/product\/29683","targetHints":{"allow":["GET"]}}],"collection":[{"href":"https:\/\/saxmachineparis.com\/en\/wp-json\/wp\/v2\/product"}],"about":[{"href":"https:\/\/saxmachineparis.com\/en\/wp-json\/wp\/v2\/types\/product"}],"replies":[{"embeddable":true,"href":"https:\/\/saxmachineparis.com\/en\/wp-json\/wp\/v2\/comments?post=29683"}],"wp:featuredmedia":[{"embeddable":true,"href":"https:\/\/saxmachineparis.com\/en\/wp-json\/wp\/v2\/media\/29720"}],"wp:attachment":[{"href":"https:\/\/saxmachineparis.com\/en\/wp-json\/wp\/v2\/media?parent=29683"}],"wp:term":[{"taxonomy":"product_brand","embeddable":true,"href":"https:\/\/saxmachineparis.com\/en\/wp-json\/wp\/v2\/product_brand?post=29683"},{"taxonomy":"product_cat","embeddable":true,"href":"https:\/\/saxmachineparis.com\/en\/wp-json\/wp\/v2\/product_cat?post=29683"},{"taxonomy":"product_tag","embeddable":true,"href":"https:\/\/saxmachineparis.com\/en\/wp-json\/wp\/v2\/product_tag?post=29683"}],"curies":[{"name":"wp","href":"https:\/\/api.w.org\/{rel}","templated":true}]}}