{"id":29238,"date":"2021-03-30T13:35:57","date_gmt":"2021-03-30T13:35:57","guid":{"rendered":"https:\/\/sites.lecyclopeduweb.fr\/saxmachineparis\/?post_type=product&#038;p=29238"},"modified":"2024-03-17T18:36:38","modified_gmt":"2024-03-17T18:36:38","slug":"ligature-flexitone-nickel","status":"publish","type":"product","link":"https:\/\/saxmachineparis.com\/en\/catalogue\/ligature-flexitone-nickel\/","title":{"rendered":"Ligature Flexitone nickel"},"content":{"rendered":"<p>La ligature Flexitone \u00e9pouse<span lang=\"fr\"> parfaitement la forme du bec et permet \u00e0 l&#8217;anche de vibrer librement en amplifiant la diffusion du son : toutes les fr\u00e9quences sonores sont am\u00e9lior\u00e9es. Gr\u00e2ce \u00e0 un syst\u00e8me d&#8217;ajustement facile, l&#8217;anche est parfaitement maintenue, de sorte qu&#8217;elle reste en place m\u00eame si le bec est ajust\u00e9.<\/span><\/p>\n<p>&nbsp;<\/p>\n","protected":false},"excerpt":{"rendered":"<p><img loading=\"lazy\" decoding=\"async\" class=\"alignnone size-full wp-image-29228\" src=\"https:\/\/saxmachineparis.com\/wp-content\/uploads\/2021\/03\/t89479090717_1.jpeg\" alt=\"logo-borgani\" width=\"229\" height=\"140\" \/><\/p>\n<ul>\n<li>existe en taille S, M et XL<\/li>\n<li>s&#8217;adapte sur tous les becs (m\u00e9tal, \u00e9bonite, \u00e9b\u00e8ne, etc)<\/li>\n<li>r\u00e9glage facile<\/li>\n<\/ul>\n","protected":false},"featured_media":29239,"comment_status":"open","ping_status":"closed","template":"","meta":{"_acf_changed":false},"product_brand":[],"product_cat":[1947,1946,1949,1948],"product_tag":[2197,2200,2198,2199],"class_list":{"0":"post-29238","1":"product","2":"type-product","3":"status-publish","4":"has-post-thumbnail","6":"product_cat-ligature-alto","7":"product_cat-ligature-baryton","8":"product_cat-ligature-soprano","9":"product_cat-ligature-tenor","10":"product_tag-ligature-alto","11":"product_tag-ligature-baryton","12":"product_tag-ligature-soprano","13":"product_tag-ligature-tenor","14":"pa_ligature-pour-bec-bec-ebonite","15":"pa_ligature-pour-bec-bec-metal","16":"pa_ligature-saxophone-alto","17":"pa_ligature-saxophone-baryton","18":"pa_ligature-saxophone-soprano","19":"pa_ligature-saxophone-tenor","20":"pa_marque-borgani","22":"first","23":"instock","24":"sale","25":"taxable","26":"shipping-taxable","27":"purchasable","28":"product-type-simple"},"acf":[],"_links":{"self":[{"href":"https:\/\/saxmachineparis.com\/en\/wp-json\/wp\/v2\/product\/29238","targetHints":{"allow":["GET"]}}],"collection":[{"href":"https:\/\/saxmachineparis.com\/en\/wp-json\/wp\/v2\/product"}],"about":[{"href":"https:\/\/saxmachineparis.com\/en\/wp-json\/wp\/v2\/types\/product"}],"replies":[{"embeddable":true,"href":"https:\/\/saxmachineparis.com\/en\/wp-json\/wp\/v2\/comments?post=29238"}],"wp:featuredmedia":[{"embeddable":true,"href":"https:\/\/saxmachineparis.com\/en\/wp-json\/wp\/v2\/media\/29239"}],"wp:attachment":[{"href":"https:\/\/saxmachineparis.com\/en\/wp-json\/wp\/v2\/media?parent=29238"}],"wp:term":[{"taxonomy":"product_brand","embeddable":true,"href":"https:\/\/saxmachineparis.com\/en\/wp-json\/wp\/v2\/product_brand?post=29238"},{"taxonomy":"product_cat","embeddable":true,"href":"https:\/\/saxmachineparis.com\/en\/wp-json\/wp\/v2\/product_cat?post=29238"},{"taxonomy":"product_tag","embeddable":true,"href":"https:\/\/saxmachineparis.com\/en\/wp-json\/wp\/v2\/product_tag?post=29238"}],"curies":[{"name":"wp","href":"https:\/\/api.w.org\/{rel}","templated":true}]}}