{"id":28670,"date":"2021-01-22T17:01:27","date_gmt":"2021-01-22T17:01:27","guid":{"rendered":"https:\/\/sites.lecyclopeduweb.fr\/saxmachineparis\/?post_type=product&#038;p=28670"},"modified":"2026-01-24T14:25:25","modified_gmt":"2026-01-24T14:25:25","slug":"saxophone-tenor-selmer-axos","status":"publish","type":"product","link":"https:\/\/saxmachineparis.com\/en\/catalogue\/saxophone-tenor-selmer-axos\/","title":{"rendered":"Saxophone T\u00e9nor Selmer Axos"},"content":{"rendered":"<p>Henri SELMER Paris d\u00e9voile en 2021 le tout nouveau t\u00e9nor Axos !<\/p>\n<div class=\"page\" title=\"Page 3\">\n<div class=\"section\">\n<div class=\"layoutArea\">\n<div class=\"column\">\n<p>De\u0300s sa sortie en 2015, le saxophone alto Axos s\u2019est impose\u0301 comme un mode\u0300le incontournable dans sa gamme de prix. Il n&#8217;aura pas fallu longtemps au marche\u0301 (musiciens et revendeurs) pour exprimer le de\u0301sir de voir la famille Axos s&#8217;agrandir avec l&#8217;arrive\u0301e d&#8217;un tenor pour comple\u0301ter la gamme.<\/p>\n<p>Construit dans un esprit de grande accessibilite\u0301 pour le saxophoniste, la de\u0301clinaison de l\u2019alto au te\u0301nor s\u2019est faite naturellement.<\/p>\n<p>Le de\u0301veloppement a permis de rede\u0301finir une esthe\u0301tique particulie\u0300rement soigne\u0301e au travers d&#8217;un vernis et d&#8217;une gravure spe\u0301cifique, qui profite e\u0301galement a\u0300 l&#8217;alto Axos &#8220;deuxie\u0300me ge\u0301ne\u0301ration&#8221;.<\/p>\n<\/div>\n<\/div>\n<\/div>\n<\/div>\n<div class=\"page\" data-page-number=\"5\" data-loaded=\"true\">\n<div class=\"textLayer\">Con\u00e7u et fabriqu\u00e9 dans nos ateliers de Mantes-la-Ville, le soin port\u00e9 \u00e0 la fabrication du t\u00e9nor Axos par nos artisans montre le m\u00eame niveau d&#8217;exigence et de savoir-faire que ses a\u00een\u00e9s.<\/div>\n<div><\/div>\n<div class=\"textLayer\">Entr\u00e9e de gamme professionnelle, il est porteur des m\u00eames qualit\u00e9s de grande souplesse, de justesse et de projection que les autres saxophones Henri SELMER Paris.<\/div>\n<div class=\"textLayer\">Sa grande facilit\u00e9 de jeu et son timbre riche en font un instrument id\u00e9al pour &#8220;apprivoiser&#8221; le t\u00e9nor, quel que soit le niveau de jeu !<\/div>\n<div><\/div>\n<div class=\"textLayer\">L\u2019emboiture du bocal simplifi\u00e9e et son tamponnage sp\u00e9cifique amplifient cette sensation de facilit\u00e9.<\/div>\n<div><\/div>\n<div class=\"textLayer\">Les mains se posent naturellement et en toute \u00e9vidence sur son cl\u00e9tage souple et confortable. La teinte chaude de son vernis et la finesse de sa gravure signent un t\u00e9nor de grande facture.<\/div>\n<\/div>\n<div><\/div>\n<div><img loading=\"lazy\" decoding=\"async\" class=\"alignnone size-full wp-image-28683\" src=\"https:\/\/saxmachineparis.com\/wp-content\/uploads\/2021\/01\/Capture-de\u0301cran-2021-01-22-a\u0300-18.33.27.png\" alt=\"t\u00e9nor-selmer-axos-ambassadeurs\" width=\"2354\" height=\"1310\" srcset=\"https:\/\/saxmachineparis.com\/wp-content\/uploads\/2021\/01\/Capture-de\u0301cran-2021-01-22-a\u0300-18.33.27.png 2354w, https:\/\/saxmachineparis.com\/wp-content\/uploads\/2021\/01\/Capture-de\u0301cran-2021-01-22-a\u0300-18.33.27-600x334.png 600w, https:\/\/saxmachineparis.com\/wp-content\/uploads\/2021\/01\/Capture-de\u0301cran-2021-01-22-a\u0300-18.33.27-1000x556.png 1000w, https:\/\/saxmachineparis.com\/wp-content\/uploads\/2021\/01\/Capture-de\u0301cran-2021-01-22-a\u0300-18.33.27-768x427.png 768w, https:\/\/saxmachineparis.com\/wp-content\/uploads\/2021\/01\/Capture-de\u0301cran-2021-01-22-a\u0300-18.33.27-1536x855.png 1536w, https:\/\/saxmachineparis.com\/wp-content\/uploads\/2021\/01\/Capture-de\u0301cran-2021-01-22-a\u0300-18.33.27-2048x1140.png 2048w, https:\/\/saxmachineparis.com\/wp-content\/uploads\/2021\/01\/Capture-de\u0301cran-2021-01-22-a\u0300-18.33.27-720x400.png 720w\" sizes=\"auto, (max-width: 2354px) 100vw, 2354px\" \/><\/div>\n<p>&nbsp;<\/p>\n","protected":false},"excerpt":{"rendered":"<p class=\"conditionnement\">*Instrument vendu en \u00e9tui avec un bec<\/p>\n<p class=\"conditionnement\">*Tous nos saxophones Selmer sont s\u00e9lectionn\u00e9s par un musicien professionnel<\/p>\n<p>\u00a0 \u00a0 \u00a0 <img decoding=\"async\" src=\"https:\/\/saxmachineparis.com\/wp-content\/uploads\/2018\/12\/logo-henri-selmer-paris.jpg\" alt=\"logo henri selmer paris sax-machine\" width=\"80\" \/> <img loading=\"lazy\" decoding=\"async\" class=\"\" src=\"https:\/\/saxmachineparis.com\/wp-content\/uploads\/2018\/12\/SELMER_SAX_logo_Axos.jpg\" width=\"104\" height=\"60\" \/><\/p>\n<ul>\n<li style=\"list-style-type: none;\">\n<ul>\n<li style=\"list-style-type: none;\">\n<ul>\n<li>Tonalit\u00e9 : Sib<\/li>\n<li>Tampons cuir, r\u00e9sonateur m\u00e9tal<\/li>\n<li>Finition : verni gold exclusif et nouvelle gravure<\/li>\n<li>Vendu avec \u00e9tui et Bec Henri SELMER Paris S80 C*<\/li>\n<\/ul>\n<\/li>\n<\/ul>\n<\/li>\n<\/ul>\n<p>&nbsp;<\/p>\n<div class=\"contact-button-woocommerce\"><a href=\"tel:+33145260529\">Nous contacter :\u00a001 45 26 05 20<\/a><\/div>\n","protected":false},"featured_media":28771,"comment_status":"open","ping_status":"closed","template":"","meta":{"_acf_changed":false},"product_brand":[],"product_cat":[994],"product_tag":[1255,1224],"class_list":{"0":"post-28670","1":"product","2":"type-product","3":"status-publish","4":"has-post-thumbnail","6":"product_cat-tenor","7":"product_tag-modele-professionnel","8":"product_tag-saxophone","10":"first","11":"instock","12":"sale","13":"taxable","14":"shipping-taxable","15":"purchasable","16":"product-type-simple"},"acf":[],"_links":{"self":[{"href":"https:\/\/saxmachineparis.com\/en\/wp-json\/wp\/v2\/product\/28670","targetHints":{"allow":["GET"]}}],"collection":[{"href":"https:\/\/saxmachineparis.com\/en\/wp-json\/wp\/v2\/product"}],"about":[{"href":"https:\/\/saxmachineparis.com\/en\/wp-json\/wp\/v2\/types\/product"}],"replies":[{"embeddable":true,"href":"https:\/\/saxmachineparis.com\/en\/wp-json\/wp\/v2\/comments?post=28670"}],"wp:featuredmedia":[{"embeddable":true,"href":"https:\/\/saxmachineparis.com\/en\/wp-json\/wp\/v2\/media\/28771"}],"wp:attachment":[{"href":"https:\/\/saxmachineparis.com\/en\/wp-json\/wp\/v2\/media?parent=28670"}],"wp:term":[{"taxonomy":"product_brand","embeddable":true,"href":"https:\/\/saxmachineparis.com\/en\/wp-json\/wp\/v2\/product_brand?post=28670"},{"taxonomy":"product_cat","embeddable":true,"href":"https:\/\/saxmachineparis.com\/en\/wp-json\/wp\/v2\/product_cat?post=28670"},{"taxonomy":"product_tag","embeddable":true,"href":"https:\/\/saxmachineparis.com\/en\/wp-json\/wp\/v2\/product_tag?post=28670"}],"curies":[{"name":"wp","href":"https:\/\/api.w.org\/{rel}","templated":true}]}}