{"id":22907,"date":"2020-07-09T15:09:34","date_gmt":"2020-07-09T15:09:34","guid":{"rendered":"https:\/\/sites.lecyclopeduweb.fr\/saxmachineparis\/?post_type=product&#038;p=22907"},"modified":"2024-04-24T14:19:21","modified_gmt":"2024-04-24T14:19:21","slug":"etui-bam-tenor-peak-performance","status":"publish","type":"product","link":"https:\/\/saxmachineparis.com\/en\/catalogue\/etui-bam-tenor-peak-performance\/","title":{"rendered":"Etui BAM T\u00e9nor Peak Performance"},"content":{"rendered":"<p>De grands classiques avec de grandes capacit\u00e9s de rangement !<\/p>\n<p>CARACT\u00c9RISTIQUES INT\u00c9RIEURES :<br \/>\nLe calage int\u00e9rieur en mousse de polyur\u00e9thane \u00e0 haute densit\u00e9 inject\u00e9e prot\u00e8ge l&#8217;instrument des chocs thermiques. On trouve un grand compartiment \u00e0 accessoires. Vendu avec la gourde<\/p>\n<p>CARACT\u00c9RISTIQUES EXT\u00c9RIEURES :<br \/>\nPoign\u00e9e lat\u00e9rale<br \/>\nPoign\u00e9e m\u00e9tro<br \/>\nSangle avec \u00e9pauli\u00e8re ajustable et amovible<br \/>\nGrande poche ext\u00e9rieure<br \/>\nFermeture \u00e9clair<br \/>\nPochette accessoires lat\u00e9rale<\/p>\n","protected":false},"excerpt":{"rendered":"<p><img loading=\"lazy\" decoding=\"async\" class=\"alignnone size-full wp-image-20500\" src=\"https:\/\/saxmachineparis.com\/wp-content\/uploads\/2020\/05\/unnamed-1.jpg\" alt=\"\" width=\"215\" height=\"109\" \/><\/p>\n<p>&#8211; MADE IN FRANCE \ud83c\uddeb\ud83c\uddf7<br \/>\n&#8211; Moul\u00e9 sur un saxophone Selmer Mark VI<br \/>\n&#8211; Etui Sac \u00e0 dos<br \/>\n&#8211; Mat\u00e9riau imperm\u00e9able<br \/>\n&#8211; POIDS : 5,5 kg<br \/>\n&#8211; DIMENSIONS INT\u00c9RIEURES : Longueur: 77 cm Pavillon: 16 cm<br \/>\n&#8211; DIMENSIONS EXT\u00c9RIEURES : 82x32x26 cm<\/p>\n<p>&nbsp;<\/p>\n<div class=\"contact-button-woocommerce\"><a href=\"tel:+33145260529\">Nous contacter :\u00a001 45 26 05 20<\/a><\/div>\n","protected":false},"featured_media":22908,"comment_status":"open","ping_status":"closed","template":"","meta":{"_acf_changed":false},"product_brand":[],"product_cat":[2338],"product_tag":[2342,2343,1680],"class_list":{"0":"post-22907","1":"product","2":"type-product","3":"status-publish","4":"has-post-thumbnail","6":"product_cat-etui","7":"product_tag-etui-tenor","8":"product_tag-saxophone-tenor","9":"product_tag-tenor","11":"first","12":"instock","13":"sale","14":"taxable","15":"shipping-taxable","16":"purchasable","17":"product-type-simple"},"acf":[],"_links":{"self":[{"href":"https:\/\/saxmachineparis.com\/en\/wp-json\/wp\/v2\/product\/22907","targetHints":{"allow":["GET"]}}],"collection":[{"href":"https:\/\/saxmachineparis.com\/en\/wp-json\/wp\/v2\/product"}],"about":[{"href":"https:\/\/saxmachineparis.com\/en\/wp-json\/wp\/v2\/types\/product"}],"replies":[{"embeddable":true,"href":"https:\/\/saxmachineparis.com\/en\/wp-json\/wp\/v2\/comments?post=22907"}],"wp:featuredmedia":[{"embeddable":true,"href":"https:\/\/saxmachineparis.com\/en\/wp-json\/wp\/v2\/media\/22908"}],"wp:attachment":[{"href":"https:\/\/saxmachineparis.com\/en\/wp-json\/wp\/v2\/media?parent=22907"}],"wp:term":[{"taxonomy":"product_brand","embeddable":true,"href":"https:\/\/saxmachineparis.com\/en\/wp-json\/wp\/v2\/product_brand?post=22907"},{"taxonomy":"product_cat","embeddable":true,"href":"https:\/\/saxmachineparis.com\/en\/wp-json\/wp\/v2\/product_cat?post=22907"},{"taxonomy":"product_tag","embeddable":true,"href":"https:\/\/saxmachineparis.com\/en\/wp-json\/wp\/v2\/product_tag?post=22907"}],"curies":[{"name":"wp","href":"https:\/\/api.w.org\/{rel}","templated":true}]}}