{"id":20964,"date":"2020-05-20T15:40:30","date_gmt":"2020-05-20T15:40:30","guid":{"rendered":"https:\/\/sites.lecyclopeduweb.fr\/saxmachineparis\/?post_type=product&#038;p=20964"},"modified":"2024-04-24T14:21:24","modified_gmt":"2024-04-24T14:21:24","slug":"etui-bam-soprano-stage","status":"publish","type":"product","link":"https:\/\/saxmachineparis.com\/en\/catalogue\/etui-bam-soprano-stage\/","title":{"rendered":"Etui BAM Soprano Stage"},"content":{"rendered":"<p>Compact et designe : ready to rock !<\/p>\n<p>CARACT\u00c9RISTIQUES INT\u00c9RIEURES :<br \/>\nLa mousse de polyur\u00e9thane \u00e0 haute densit\u00e9 cale l&#8217;instrument et le prot\u00e8ge des chocs thermiques. Vendu avec une chaussette pour le bec.<\/p>\n<p>CARACT\u00c9RISTIQUES EXT\u00c9RIEURES :<br \/>\nCoques renforc\u00e9es en ABS antichoc<br \/>\n2 sangles confortables antid\u00e9rapantes en n\u00e9opr\u00e8ne avec mousquetons s\u00e9curis\u00e9s<br \/>\nPoign\u00e9e lat\u00e9rale<br \/>\nZipper<\/p>\n","protected":false},"excerpt":{"rendered":"<p><img loading=\"lazy\" decoding=\"async\" src=\"https:\/\/saxmachineparis.com\/wp-content\/uploads\/2020\/05\/unnamed-1.jpg\" alt=\"\" width=\"215\" height=\"109\" class=\"alignnone size-full wp-image-20500\" \/><\/p>\n<p>&#8211; MADE IN FRANCE \ud83c\uddeb\ud83c\uddf7<br \/>\n&#8211; Moul\u00e9 sur un saxophone Selmer Super Action 80 S\u00e9rie II<br \/>\n&#8211; Etui Sac \u00e0 dos<br \/>\n&#8211; POIDS : 1,14 kg<br \/>\n&#8211; DIMENSIONS INT\u00c9RIEURES : Corps 62,5 cm<br \/>\n&#8211; DIMENSIONS EXT\u00c9RIEURES : 71x13x13 cm<br \/>\n&#8211; Existe en &#8220;gris thunder&#8221;<\/p>\n<p>&nbsp;<\/p>\n<div class=\"contact-button-woocommerce\"><a href=\"tel:+33145260529\">Nous contacter :\u00a001 45 26 05 20<\/a><\/div>\n","protected":false},"featured_media":20968,"comment_status":"open","ping_status":"closed","template":"","meta":{"_acf_changed":false},"product_brand":[],"product_cat":[2338],"product_tag":[2339,1294,1280],"class_list":{"0":"post-20964","1":"product","2":"type-product","3":"status-publish","4":"has-post-thumbnail","6":"product_cat-etui","7":"product_tag-etui","8":"product_tag-soprano-courbe","9":"product_tag-soprano-droit","11":"first","12":"instock","13":"sale","14":"taxable","15":"shipping-taxable","16":"purchasable","17":"product-type-simple"},"acf":[],"_links":{"self":[{"href":"https:\/\/saxmachineparis.com\/en\/wp-json\/wp\/v2\/product\/20964","targetHints":{"allow":["GET"]}}],"collection":[{"href":"https:\/\/saxmachineparis.com\/en\/wp-json\/wp\/v2\/product"}],"about":[{"href":"https:\/\/saxmachineparis.com\/en\/wp-json\/wp\/v2\/types\/product"}],"replies":[{"embeddable":true,"href":"https:\/\/saxmachineparis.com\/en\/wp-json\/wp\/v2\/comments?post=20964"}],"wp:featuredmedia":[{"embeddable":true,"href":"https:\/\/saxmachineparis.com\/en\/wp-json\/wp\/v2\/media\/20968"}],"wp:attachment":[{"href":"https:\/\/saxmachineparis.com\/en\/wp-json\/wp\/v2\/media?parent=20964"}],"wp:term":[{"taxonomy":"product_brand","embeddable":true,"href":"https:\/\/saxmachineparis.com\/en\/wp-json\/wp\/v2\/product_brand?post=20964"},{"taxonomy":"product_cat","embeddable":true,"href":"https:\/\/saxmachineparis.com\/en\/wp-json\/wp\/v2\/product_cat?post=20964"},{"taxonomy":"product_tag","embeddable":true,"href":"https:\/\/saxmachineparis.com\/en\/wp-json\/wp\/v2\/product_tag?post=20964"}],"curies":[{"name":"wp","href":"https:\/\/api.w.org\/{rel}","templated":true}]}}