{"id":20463,"date":"2020-05-15T08:59:59","date_gmt":"2020-05-15T08:59:59","guid":{"rendered":"https:\/\/sites.lecyclopeduweb.fr\/saxmachineparis\/?post_type=product&#038;p=20463"},"modified":"2024-04-24T14:38:13","modified_gmt":"2024-04-24T14:38:13","slug":"etui-bam-baryton-hightech-gris-metallise","status":"publish","type":"product","link":"https:\/\/saxmachineparis.com\/en\/catalogue\/etui-bam-baryton-hightech-gris-metallise\/","title":{"rendered":"Etui Bam Baryton Hightech &#8211; Gris M\u00e9tallis\u00e9"},"content":{"rendered":"<p>CARACT\u00c9RISTIQUES INT\u00c9RIEURES :<\/p>\n<p>Le Calage int\u00e9rieur en mousse de polyur\u00e9thane \u00e0 haute densit\u00e9 inject\u00e9e prot\u00e8ge l&#8217;instrument des chocs thermiques. On trouve un espace de rangement pour le bocal et le bec.<\/p>\n<p>CARACT\u00c9RISTIQUES EXT\u00c9RIEURES :<br \/>\nLes coques &#8220;Hightech&#8221; Bam pr\u00e9sentent une structure &#8220;en sandwich&#8221; en mat\u00e9riaux de haute performance (ABS, Airex, PETG). Un joint m\u00e2le\/femelle scelle l&#8217;\u00e9tui herm\u00e9tiquement qu&#8217;on peut fermer \u00e0 cl\u00e9 \u00e0 l&#8217;aide des 4 serrures &#8220;softouch&#8221;.<\/p>\n<p>Ses deux poign\u00e9es lat\u00e9rales aident \u00e0 la manipulation de m\u00eame que ses roulettes et sa poign\u00e9e de traction.<br \/>\nEnfin, deux sangles confortables et antid\u00e9rapantes en n\u00e9opr\u00e8ne se fixent aux coques avec des mousquetons s\u00e9curis\u00e9s.<\/p>\n<p>C&#8217;est l&#8217;\u00e9tui id\u00e9al des musiciens qui voyagent !<\/p>\n","protected":false},"excerpt":{"rendered":"<p><img loading=\"lazy\" decoding=\"async\" src=\"https:\/\/saxmachineparis.com\/wp-content\/uploads\/2020\/05\/unnamed.jpg\" alt=\"\" width=\"215\" height=\"109\" class=\"alignnone size-full wp-image-20486\" \/><\/p>\n<p>&#8211; MADE IN FRANCE \ud83c\uddeb\ud83c\uddf7<br \/>\n&#8211; Moul\u00e9 sur un saxophone baryton Selmer SA80 S\u00e9rie II<br \/>\n&#8211; POIDS : 6,5 kg<br \/>\n&#8211; DIMENSIONS INT\u00c9RIEURES : Longueur: 99 cm Pavillon: 21 cm<br \/>\n&#8211; DIMENSIONS EXT\u00c9RIEURES : 112x42x27 cm<\/p>\n<p>&nbsp;<\/p>\n<div class=\"contact-button-woocommerce\"><a href=\"tel:+33145260529\">Nous contacter :\u00a001 45 26 05 20<\/a><\/div>\n","protected":false},"featured_media":20489,"comment_status":"open","ping_status":"closed","template":"","meta":{"_acf_changed":false},"product_brand":[],"product_cat":[2338],"product_tag":[2340,2339],"class_list":{"0":"post-20463","1":"product","2":"type-product","3":"status-publish","4":"has-post-thumbnail","6":"product_cat-etui","7":"product_tag-baryton","8":"product_tag-etui","10":"first","11":"instock","12":"sale","13":"taxable","14":"shipping-taxable","15":"purchasable","16":"product-type-simple"},"acf":[],"_links":{"self":[{"href":"https:\/\/saxmachineparis.com\/en\/wp-json\/wp\/v2\/product\/20463","targetHints":{"allow":["GET"]}}],"collection":[{"href":"https:\/\/saxmachineparis.com\/en\/wp-json\/wp\/v2\/product"}],"about":[{"href":"https:\/\/saxmachineparis.com\/en\/wp-json\/wp\/v2\/types\/product"}],"replies":[{"embeddable":true,"href":"https:\/\/saxmachineparis.com\/en\/wp-json\/wp\/v2\/comments?post=20463"}],"wp:featuredmedia":[{"embeddable":true,"href":"https:\/\/saxmachineparis.com\/en\/wp-json\/wp\/v2\/media\/20489"}],"wp:attachment":[{"href":"https:\/\/saxmachineparis.com\/en\/wp-json\/wp\/v2\/media?parent=20463"}],"wp:term":[{"taxonomy":"product_brand","embeddable":true,"href":"https:\/\/saxmachineparis.com\/en\/wp-json\/wp\/v2\/product_brand?post=20463"},{"taxonomy":"product_cat","embeddable":true,"href":"https:\/\/saxmachineparis.com\/en\/wp-json\/wp\/v2\/product_cat?post=20463"},{"taxonomy":"product_tag","embeddable":true,"href":"https:\/\/saxmachineparis.com\/en\/wp-json\/wp\/v2\/product_tag?post=20463"}],"curies":[{"name":"wp","href":"https:\/\/api.w.org\/{rel}","templated":true}]}}