{"id":15768,"date":"2019-12-27T16:13:09","date_gmt":"2019-12-27T16:13:09","guid":{"rendered":"https:\/\/sites.lecyclopeduweb.fr\/saxmachineparis\/?post_type=product&#038;p=15768"},"modified":"2024-04-08T08:30:31","modified_gmt":"2024-04-08T08:30:31","slug":"ligature-rovner-platinium","status":"publish","type":"product","link":"https:\/\/saxmachineparis.com\/en\/catalogue\/ligature-rovner-platinium\/","title":{"rendered":"Ligature Rovner Platinium"},"content":{"rendered":"<p>La ligature PLATINUM se distingue par la puret\u00e9 de ses harmoniques. Sa beaut\u00e9 esth\u00e9tique n&#8217;a d&#8217;\u00e9gale que ses qualit\u00e9s tonales ! Avec un son pur, riche et color\u00e9, particuli\u00e8rement dans sa version plaqu\u00e9e or, elle est facile \u00e0 contr\u00f4ler et homog\u00e8ne dans tous les registres.<br \/>\nSon intonation est parfaite : des subtones magnifiques, y compris dans le registre grave. C&#8217;est un ligature d&#8217;une qualit\u00e9 de fabrication remarquable ainsi qu&#8217;une finition irr\u00e9prochable.<\/p>\n","protected":false},"excerpt":{"rendered":"<p>* Ligature livr\u00e9 avec un couvre bec plastique<\/p>\n<p><img loading=\"lazy\" decoding=\"async\" class=\"alignnone size-full wp-image-15558\" src=\"https:\/\/saxmachineparis.com\/wp-content\/uploads\/2019\/12\/logo-rovner.png\" alt=\"\" width=\"240\" height=\"90\" \/><\/p>\n<p>Existe en diff\u00e9rents diam\u00e8tres pour s&#8217;adapter au bec m\u00e9tal ou \u00e9bonite<\/p>\n","protected":false},"featured_media":15613,"comment_status":"open","ping_status":"closed","template":"","meta":{"_acf_changed":false},"product_brand":[],"product_cat":[1947,1948],"product_tag":[2197,2199],"class_list":{"0":"post-15768","1":"product","2":"type-product","3":"status-publish","4":"has-post-thumbnail","6":"product_cat-ligature-alto","7":"product_cat-ligature-tenor","8":"product_tag-ligature-alto","9":"product_tag-ligature-tenor","10":"pa_ligature-pour-bec-bec-ebonite","11":"pa_ligature-pour-bec-bec-metal","12":"pa_ligature-saxophone-alto","13":"pa_ligature-saxophone-tenor","14":"pa_marque-rovner","16":"first","17":"instock","18":"sale","19":"taxable","20":"shipping-taxable","21":"purchasable","22":"product-type-simple"},"acf":[],"_links":{"self":[{"href":"https:\/\/saxmachineparis.com\/en\/wp-json\/wp\/v2\/product\/15768","targetHints":{"allow":["GET"]}}],"collection":[{"href":"https:\/\/saxmachineparis.com\/en\/wp-json\/wp\/v2\/product"}],"about":[{"href":"https:\/\/saxmachineparis.com\/en\/wp-json\/wp\/v2\/types\/product"}],"replies":[{"embeddable":true,"href":"https:\/\/saxmachineparis.com\/en\/wp-json\/wp\/v2\/comments?post=15768"}],"wp:featuredmedia":[{"embeddable":true,"href":"https:\/\/saxmachineparis.com\/en\/wp-json\/wp\/v2\/media\/15613"}],"wp:attachment":[{"href":"https:\/\/saxmachineparis.com\/en\/wp-json\/wp\/v2\/media?parent=15768"}],"wp:term":[{"taxonomy":"product_brand","embeddable":true,"href":"https:\/\/saxmachineparis.com\/en\/wp-json\/wp\/v2\/product_brand?post=15768"},{"taxonomy":"product_cat","embeddable":true,"href":"https:\/\/saxmachineparis.com\/en\/wp-json\/wp\/v2\/product_cat?post=15768"},{"taxonomy":"product_tag","embeddable":true,"href":"https:\/\/saxmachineparis.com\/en\/wp-json\/wp\/v2\/product_tag?post=15768"}],"curies":[{"name":"wp","href":"https:\/\/api.w.org\/{rel}","templated":true}]}}