{"id":15620,"date":"2019-12-21T14:12:59","date_gmt":"2019-12-21T14:12:59","guid":{"rendered":"https:\/\/sites.lecyclopeduweb.fr\/saxmachineparis\/?post_type=product&#038;p=15620"},"modified":"2024-11-10T16:04:52","modified_gmt":"2024-11-10T16:04:52","slug":"ligature-rovner-light","status":"publish","type":"product","link":"https:\/\/saxmachineparis.com\/en\/catalogue\/ligature-rovner-light\/","title":{"rendered":"Ligature Rovner Light"},"content":{"rendered":"<p>La ligature LIGHT est une ligature assez proche du mod\u00e8le DARK et convient aux musiciens qui recherchent un son plus brillant. Elle est facile \u00e0 jouer et r\u00e9pond bien dans tous les registres. Avec un son tr\u00e8s expressif, elle est id\u00e9ale pour le jazz, l&#8217;improvisation et pour tout ceux qui cherchent un son contemporain.<\/p>\n","protected":false},"excerpt":{"rendered":"<p>* Ligature livr\u00e9 avec un couvre bec plastique<\/p>\n<p><img loading=\"lazy\" decoding=\"async\" class=\"alignnone size-full wp-image-15558\" src=\"https:\/\/saxmachineparis.com\/wp-content\/uploads\/2019\/12\/logo-rovner.png\" alt=\"\" width=\"240\" height=\"90\" \/><\/p>\n<p>Existe en diff\u00e9rents diam\u00e8tres pour s&#8217;adapter au bec m\u00e9tal ou \u00e9bonite<\/p>\n","protected":false},"featured_media":15604,"comment_status":"open","ping_status":"closed","template":"","meta":{"_acf_changed":false},"product_brand":[],"product_cat":[1947,1946,1949,1948],"product_tag":[2197,2200,2198,2199],"class_list":{"0":"post-15620","1":"product","2":"type-product","3":"status-publish","4":"has-post-thumbnail","6":"product_cat-ligature-alto","7":"product_cat-ligature-baryton","8":"product_cat-ligature-soprano","9":"product_cat-ligature-tenor","10":"product_tag-ligature-alto","11":"product_tag-ligature-baryton","12":"product_tag-ligature-soprano","13":"product_tag-ligature-tenor","14":"pa_ligature-pour-bec-bec-ebonite","15":"pa_ligature-pour-bec-bec-metal","16":"pa_ligature-saxophone-alto","17":"pa_ligature-saxophone-baryton","18":"pa_ligature-saxophone-sopranino","19":"pa_ligature-saxophone-soprano","20":"pa_ligature-saxophone-tenor","21":"pa_marque-rovner","23":"first","24":"instock","25":"taxable","26":"shipping-taxable","27":"purchasable","28":"product-type-simple"},"acf":[],"_links":{"self":[{"href":"https:\/\/saxmachineparis.com\/en\/wp-json\/wp\/v2\/product\/15620","targetHints":{"allow":["GET"]}}],"collection":[{"href":"https:\/\/saxmachineparis.com\/en\/wp-json\/wp\/v2\/product"}],"about":[{"href":"https:\/\/saxmachineparis.com\/en\/wp-json\/wp\/v2\/types\/product"}],"replies":[{"embeddable":true,"href":"https:\/\/saxmachineparis.com\/en\/wp-json\/wp\/v2\/comments?post=15620"}],"wp:featuredmedia":[{"embeddable":true,"href":"https:\/\/saxmachineparis.com\/en\/wp-json\/wp\/v2\/media\/15604"}],"wp:attachment":[{"href":"https:\/\/saxmachineparis.com\/en\/wp-json\/wp\/v2\/media?parent=15620"}],"wp:term":[{"taxonomy":"product_brand","embeddable":true,"href":"https:\/\/saxmachineparis.com\/en\/wp-json\/wp\/v2\/product_brand?post=15620"},{"taxonomy":"product_cat","embeddable":true,"href":"https:\/\/saxmachineparis.com\/en\/wp-json\/wp\/v2\/product_cat?post=15620"},{"taxonomy":"product_tag","embeddable":true,"href":"https:\/\/saxmachineparis.com\/en\/wp-json\/wp\/v2\/product_tag?post=15620"}],"curies":[{"name":"wp","href":"https:\/\/api.w.org\/{rel}","templated":true}]}}