{"id":15619,"date":"2019-12-21T13:59:12","date_gmt":"2019-12-21T13:59:12","guid":{"rendered":"https:\/\/sites.lecyclopeduweb.fr\/saxmachineparis\/?post_type=product&#038;p=15619"},"modified":"2023-09-27T15:25:54","modified_gmt":"2023-09-27T15:25:54","slug":"ligature-rovner-dark","status":"publish","type":"product","link":"https:\/\/saxmachineparis.com\/en\/catalogue\/ligature-rovner-dark\/","title":{"rendered":"Ligature Rovner Dark"},"content":{"rendered":"<p>Polyvalente et d&#8217;une tr\u00e8s grande fiabilit\u00e9, la ligature DARK s&#8217;adapte \u00e0 tous les styles de jeu, du classique au jazz. Elle a souvent \u00e9t\u00e9 imit\u00e9e&#8230; mais n&#8217;a jamais \u00e9t\u00e9 \u00e9gal\u00e9e. Elle apporte un son sombre, chaud et centr\u00e9 avec de tr\u00e8s belles harmoniques sur l&#8217;ensemble du registre.<\/p>\n<p>R\u00e9put\u00e9e pour sa solidit\u00e9 depuis 1974, elle est particuli\u00e8rement appr\u00e9ci\u00e9e par les saxophonistes classiques ainsi que les professeurs de musique depuis des d\u00e9cennies.<\/p>\n","protected":false},"excerpt":{"rendered":"<p>* Ligature livr\u00e9 avec un couvre bec plastique<\/p>\n<p><img loading=\"lazy\" decoding=\"async\" class=\"alignnone size-full wp-image-15558\" src=\"https:\/\/saxmachineparis.com\/wp-content\/uploads\/2019\/12\/logo-rovner.png\" alt=\"\" width=\"240\" height=\"90\" \/><\/p>\n<p>Existe en diff\u00e9rents diam\u00e8tres pour s&#8217;adapter au bec m\u00e9tal ou \u00e9bonite<\/p>\n","protected":false},"featured_media":15601,"comment_status":"open","ping_status":"closed","template":"","meta":{"_acf_changed":false},"product_brand":[],"product_cat":[1947,1946,1949,1948],"product_tag":[2197,2200,2198,2199],"class_list":{"0":"post-15619","1":"product","2":"type-product","3":"status-publish","4":"has-post-thumbnail","6":"product_cat-ligature-alto","7":"product_cat-ligature-baryton","8":"product_cat-ligature-soprano","9":"product_cat-ligature-tenor","10":"product_tag-ligature-alto","11":"product_tag-ligature-baryton","12":"product_tag-ligature-soprano","13":"product_tag-ligature-tenor","14":"pa_ligature-pour-bec-bec-ebonite","15":"pa_ligature-pour-bec-bec-metal","16":"pa_ligature-saxophone-alto","17":"pa_ligature-saxophone-baryton","18":"pa_ligature-saxophone-sopranino","19":"pa_ligature-saxophone-soprano","20":"pa_ligature-saxophone-tenor","21":"pa_marque-rovner","23":"first","24":"instock","25":"taxable","26":"shipping-taxable","27":"purchasable","28":"product-type-simple"},"acf":[],"_links":{"self":[{"href":"https:\/\/saxmachineparis.com\/en\/wp-json\/wp\/v2\/product\/15619","targetHints":{"allow":["GET"]}}],"collection":[{"href":"https:\/\/saxmachineparis.com\/en\/wp-json\/wp\/v2\/product"}],"about":[{"href":"https:\/\/saxmachineparis.com\/en\/wp-json\/wp\/v2\/types\/product"}],"replies":[{"embeddable":true,"href":"https:\/\/saxmachineparis.com\/en\/wp-json\/wp\/v2\/comments?post=15619"}],"wp:featuredmedia":[{"embeddable":true,"href":"https:\/\/saxmachineparis.com\/en\/wp-json\/wp\/v2\/media\/15601"}],"wp:attachment":[{"href":"https:\/\/saxmachineparis.com\/en\/wp-json\/wp\/v2\/media?parent=15619"}],"wp:term":[{"taxonomy":"product_brand","embeddable":true,"href":"https:\/\/saxmachineparis.com\/en\/wp-json\/wp\/v2\/product_brand?post=15619"},{"taxonomy":"product_cat","embeddable":true,"href":"https:\/\/saxmachineparis.com\/en\/wp-json\/wp\/v2\/product_cat?post=15619"},{"taxonomy":"product_tag","embeddable":true,"href":"https:\/\/saxmachineparis.com\/en\/wp-json\/wp\/v2\/product_tag?post=15619"}],"curies":[{"name":"wp","href":"https:\/\/api.w.org\/{rel}","templated":true}]}}