{"id":15138,"date":"2019-12-14T15:40:52","date_gmt":"2019-12-14T15:40:52","guid":{"rendered":"https:\/\/sites.lecyclopeduweb.fr\/saxmachineparis\/?post_type=product&#038;p=15138"},"modified":"2024-11-04T10:39:49","modified_gmt":"2024-11-04T10:39:49","slug":"ligature-yanagisawa-yanysixs-alto","status":"publish","type":"product","link":"https:\/\/saxmachineparis.com\/en\/catalogue\/ligature-yanagisawa-yanysixs-alto\/","title":{"rendered":"Ligature Yanagisawa &#8220;YanySixs&#8221; alto"},"content":{"rendered":"<h3 dir=\"ltr\" data-placeholder=\"Traduction\">Caract\u00e9ristiques :<\/h3>\n<p id=\"tw-target-text\" class=\"tw-data-text tw-text-large tw-ta\" dir=\"ltr\" data-placeholder=\"Traduction\"><span lang=\"fr\" tabindex=\"0\">La ligature Yanagisawa &#8220;Yany SIXS&#8221; donne \u00e0 l&#8217;instrument une belle projection. Elle s&#8217;adapte ainsi \u00e0 tous les environnements, de la musique de chambre aux salles de concert et espaces ext\u00e9rieurs ouverts. Elle <\/span><span lang=\"fr\" tabindex=\"0\">r\u00e9duit \u00e9galement le risque d&#8217;\u00eatre noy\u00e9 par d&#8217;autres instruments lors des performances d&#8217;ensemble. <\/span><\/p>\n<p class=\"tw-data-text tw-text-large tw-ta\" dir=\"ltr\" data-placeholder=\"Traduction\"><span lang=\"fr\" tabindex=\"0\">Le musicien est mieux \u00e0 m\u00eame de ressentir les vibrations de l&#8217;anche, d&#8217;obtenir un meilleur contr\u00f4le et de produire une voix r\u00e9sonnante avec un noyau plus fort. <\/span><\/p>\n<p class=\"tw-data-text tw-text-large tw-ta\" dir=\"ltr\" data-placeholder=\"Traduction\"><span lang=\"fr\" tabindex=\"0\">Il b\u00e9n\u00e9ficie d&#8217;une gamme dynamique plus large pour varier les genres musicaux et produire une multitude de couleurs tonales avec des basses plus riches, plus profondes et plus chaudes, des m\u00e9diums chatoyants et des aigus plus d\u00e9tendus plus faciles.<\/span><\/p>\n<h3 dir=\"ltr\" data-placeholder=\"Traduction\">Les origines du nom &#8220;YanySixs&#8221; :<\/h3>\n<p>Le terme &#8220;Yany&#8221; est tir\u00e9 du fameux surnom donn\u00e9 \u00e0 la marque et le terme &#8220;Sixs&#8221; fait r\u00e9f\u00e9rence \u00e0 la conception unique de cette ligature : les six points de contacts dispos\u00e9s entre la ligature et le bec.<\/p>\n<p><span lang=\"fr\" tabindex=\"0\">Le motif &#8220;Y&#8221; Yanagisawa maintient l&#8217;anche : quatre petits disques en laiton plaqu\u00e9 or stabilisent l&#8217;anche, la tenant fermement contre le bec tout en garantissant une totale libert\u00e9 de vibration. <\/span><\/p>\n<p><span lang=\"fr\" tabindex=\"0\">La ligature est mis en contact avec le bec par quatre r\u00e9sonateur, eux-m\u00eame en \u00e9bonite ! <\/span><\/p>\n<p><span lang=\"fr\" tabindex=\"0\">Un m\u00e9canisme \u00e0 vis unique invers\u00e9 permet un serrage uniforme \u00e0 travers tous les points de contact pour une excellente r\u00e9ponse. La t\u00eate de vis hexagonale grav\u00e9e ach\u00e8ve d&#8217;embellir le tout.<\/span><\/p>\n<p><img loading=\"lazy\" decoding=\"async\" class=\"wp-image-15161 aligncenter\" src=\"https:\/\/saxmachineparis.com\/wp-content\/uploads\/2019\/12\/Yany-SIXS-Flier.jpg\" alt=\"\" width=\"685\" height=\"904\" \/><\/p>\n","protected":false},"excerpt":{"rendered":"<p class=\"conditionnement\">* Ligature vendue nue<\/p>\n<p>* Finition : plaqu\u00e9 Or 24 carats<\/p>\n<p><img loading=\"lazy\" decoding=\"async\" class=\"alignnone wp-image-15155\" src=\"https:\/\/saxmachineparis.com\/wp-content\/uploads\/2019\/12\/logo-yanysixs.jpg\" alt=\"\" width=\"233\" height=\"112\" \/><\/p>\n","protected":false},"featured_media":28961,"comment_status":"open","ping_status":"closed","template":"","meta":{"_acf_changed":false},"product_brand":[],"product_cat":[1947],"product_tag":[2197],"class_list":{"0":"post-15138","1":"product","2":"type-product","3":"status-publish","4":"has-post-thumbnail","6":"product_cat-ligature-alto","7":"product_tag-ligature-alto","8":"pa_ligature-pour-bec-bec-ebonite","9":"pa_ligature-saxophone-alto","10":"pa_marque-yanagisawa","12":"first","13":"instock","14":"sale","15":"taxable","16":"shipping-taxable","17":"purchasable","18":"product-type-simple"},"acf":[],"_links":{"self":[{"href":"https:\/\/saxmachineparis.com\/en\/wp-json\/wp\/v2\/product\/15138","targetHints":{"allow":["GET"]}}],"collection":[{"href":"https:\/\/saxmachineparis.com\/en\/wp-json\/wp\/v2\/product"}],"about":[{"href":"https:\/\/saxmachineparis.com\/en\/wp-json\/wp\/v2\/types\/product"}],"replies":[{"embeddable":true,"href":"https:\/\/saxmachineparis.com\/en\/wp-json\/wp\/v2\/comments?post=15138"}],"wp:featuredmedia":[{"embeddable":true,"href":"https:\/\/saxmachineparis.com\/en\/wp-json\/wp\/v2\/media\/28961"}],"wp:attachment":[{"href":"https:\/\/saxmachineparis.com\/en\/wp-json\/wp\/v2\/media?parent=15138"}],"wp:term":[{"taxonomy":"product_brand","embeddable":true,"href":"https:\/\/saxmachineparis.com\/en\/wp-json\/wp\/v2\/product_brand?post=15138"},{"taxonomy":"product_cat","embeddable":true,"href":"https:\/\/saxmachineparis.com\/en\/wp-json\/wp\/v2\/product_cat?post=15138"},{"taxonomy":"product_tag","embeddable":true,"href":"https:\/\/saxmachineparis.com\/en\/wp-json\/wp\/v2\/product_tag?post=15138"}],"curies":[{"name":"wp","href":"https:\/\/api.w.org\/{rel}","templated":true}]}}