{"id":15053,"date":"2019-12-12T16:43:21","date_gmt":"2019-12-12T16:43:21","guid":{"rendered":"https:\/\/sites.lecyclopeduweb.fr\/saxmachineparis\/?post_type=product&#038;p=15053"},"modified":"2022-10-17T12:46:50","modified_gmt":"2022-10-17T12:46:50","slug":"bec-daddario-select-jazz-edition-limitee-marbre-alto","status":"publish","type":"product","link":"https:\/\/saxmachineparis.com\/en\/catalogue\/bec-daddario-select-jazz-edition-limitee-marbre-alto\/","title":{"rendered":"Bec d&#8217;Addario Select Jazz marbr\u00e9 alto"},"content":{"rendered":"<p>Le bec pour saxophone alto D&#8217;Addario \u00ab Select Jazz \u00bb associe un design d&#8217;inspiration \u00ab Vintage \u00bb avec des techniques de production modernes pour fournir un \u00e9quilibre parfait de son et de confort.<\/p>\n<p>Le bec D&#8217;Addario \u00ab Select Jazz \u00bb capture l&#8217;essence et le son des artistes l\u00e9gendaires du pass\u00e9. Les saxophonistes modernes ont d\u00e9sormais une chance de d\u00e9couvrir eux-m\u00eames le son qui a \u00e9t\u00e9 pendant des d\u00e9cennies une r\u00e9f\u00e9rence du jazz. Le bec D&#8217;Addario Select Jazz repr\u00e9sente l&#8217;union parfaite de la tradition et de l&#8217;innovation.<\/p>\n<ul>\n<li>Permet de retrouver le son et l&#8217;articulation des becs &#8220;Vintage&#8221; les plus recherch\u00e9s du march\u00e9<\/li>\n<li>Homog\u00e9n\u00e9it\u00e9 et justesse sur l&#8217;ensemble de la tessiture du saxophone<\/li>\n<li>Grande polyvalence pour tous les styles de Jazz<\/li>\n<li>Id\u00e9al tant pour les musiciens professionnels que pour les \u00e9l\u00e8ves de niveau avanc\u00e9<\/li>\n<\/ul>\n","protected":false},"excerpt":{"rendered":"<p class=\"conditionnement\">*Prix indiqu\u00e9 pour le bec nu<\/p>\n<p><img loading=\"lazy\" decoding=\"async\" class=\"alignnone size-full wp-image-7895\" src=\"https:\/\/saxmachineparis.com\/wp-content\/uploads\/2019\/06\/logo-daddario.jpg\" alt=\"Logo D'Addario\" width=\"300\" height=\"83\" \/><\/p>\n<ul>\n<li>Ouvertures : 5M \/ 6M<\/li>\n<li>Son jazz vintage<\/li>\n<li>\u00c9bonite marbr\u00e9<\/li>\n<\/ul>\n","protected":false},"featured_media":15054,"comment_status":"open","ping_status":"closed","template":"","meta":{"_acf_changed":false},"product_brand":[],"product_cat":[2431,1313],"product_tag":[1314,1374],"class_list":{"0":"post-15053","1":"product","2":"type-product","3":"status-publish","4":"has-post-thumbnail","6":"product_cat-bec-alto","7":"product_cat-becs","8":"product_tag-bec-alto","9":"product_tag-bec-jazz","10":"pa_becs-saxophone-alto","11":"pa_marque-daddario","12":"pa_materiau-bec-ebonite","13":"pa_style-bec-bec-jazz","15":"first","16":"instock","17":"sale","18":"taxable","19":"shipping-taxable","20":"purchasable","21":"product-type-simple"},"acf":[],"_links":{"self":[{"href":"https:\/\/saxmachineparis.com\/en\/wp-json\/wp\/v2\/product\/15053","targetHints":{"allow":["GET"]}}],"collection":[{"href":"https:\/\/saxmachineparis.com\/en\/wp-json\/wp\/v2\/product"}],"about":[{"href":"https:\/\/saxmachineparis.com\/en\/wp-json\/wp\/v2\/types\/product"}],"replies":[{"embeddable":true,"href":"https:\/\/saxmachineparis.com\/en\/wp-json\/wp\/v2\/comments?post=15053"}],"wp:featuredmedia":[{"embeddable":true,"href":"https:\/\/saxmachineparis.com\/en\/wp-json\/wp\/v2\/media\/15054"}],"wp:attachment":[{"href":"https:\/\/saxmachineparis.com\/en\/wp-json\/wp\/v2\/media?parent=15053"}],"wp:term":[{"taxonomy":"product_brand","embeddable":true,"href":"https:\/\/saxmachineparis.com\/en\/wp-json\/wp\/v2\/product_brand?post=15053"},{"taxonomy":"product_cat","embeddable":true,"href":"https:\/\/saxmachineparis.com\/en\/wp-json\/wp\/v2\/product_cat?post=15053"},{"taxonomy":"product_tag","embeddable":true,"href":"https:\/\/saxmachineparis.com\/en\/wp-json\/wp\/v2\/product_tag?post=15053"}],"curies":[{"name":"wp","href":"https:\/\/api.w.org\/{rel}","templated":true}]}}