{"id":15012,"date":"2019-12-12T16:05:34","date_gmt":"2019-12-12T16:05:34","guid":{"rendered":"https:\/\/sites.lecyclopeduweb.fr\/saxmachineparis\/?post_type=product&#038;p=15012"},"modified":"2019-12-12T16:09:29","modified_gmt":"2019-12-12T16:09:29","slug":"bec-berg-larsen-tenor-ebonite","status":"publish","type":"product","link":"https:\/\/saxmachineparis.com\/en\/catalogue\/bec-berg-larsen-tenor-ebonite\/","title":{"rendered":"Bec Berg Larsen t\u00e9nor \u00e9bonite"},"content":{"rendered":"<p>Berg Larsen mit au point ses premiers bec en 1945 en Angleterre et a eu un succ\u00e8s grandissant depuis lors. Ils se caract\u00e9risent par leur sonorit\u00e9 tr\u00e8s particuli\u00e8re et originale.<\/p>\n<p>Avec le mod\u00e8le en \u00e9bonite, le son est moins brillant qu&#8217;avec le m\u00e9tal mais reste assez timbr\u00e9, avec beaucoup de projection et de puissance. Il a beaucoup de succ\u00e8s aupr\u00e8s des musiciens de Jazz qui aiment sa polyvalence.<\/p>\n<p>Le mod\u00e8le en m\u00e9tal favorise la clart\u00e9 et la brillance, il convient mieux \u00e0 la vari\u00e9t\u00e9, la funk, le jazz-rock etc.. mais convient aussi au Jazzmen car sa couleur sonore se distingue des becs traditionnels.<\/p>\n","protected":false},"excerpt":{"rendered":"<p>*Bec livr\u00e9 avec ligature et couvre-bec<\/p>\n<p><img loading=\"lazy\" decoding=\"async\" class=\"alignnone wp-image-14999\" src=\"https:\/\/saxmachineparis.com\/wp-content\/uploads\/2019\/12\/top_logo.png\" alt=\"\" width=\"277\" height=\"75\" \/><\/p>\n<p>Mat\u00e9riau : \u00e9bonite<\/p>\n<p>Chambre : SMS (europ\u00e9enne)<\/p>\n<p>Ouvertures : 95 &#8211; 100 &#8211; 105 &#8211; 110 &#8211; 115 &#8211; 120<\/p>\n","protected":false},"featured_media":15016,"comment_status":"open","ping_status":"closed","template":"","meta":{"_acf_changed":false},"product_brand":[],"product_cat":[2434,1313],"product_tag":[1374,1431],"class_list":{"0":"post-15012","1":"product","2":"type-product","3":"status-publish","4":"has-post-thumbnail","6":"product_cat-bec-tenor","7":"product_cat-becs","8":"product_tag-bec-jazz","9":"product_tag-bec-tenor","10":"pa_becs-saxophone-tenor","11":"pa_marque-berg-larsen","12":"pa_materiau-bec-ebonite","13":"pa_style-bec-bec-jazz","15":"first","16":"instock","17":"sale","18":"taxable","19":"shipping-taxable","20":"purchasable","21":"product-type-simple"},"acf":[],"_links":{"self":[{"href":"https:\/\/saxmachineparis.com\/en\/wp-json\/wp\/v2\/product\/15012","targetHints":{"allow":["GET"]}}],"collection":[{"href":"https:\/\/saxmachineparis.com\/en\/wp-json\/wp\/v2\/product"}],"about":[{"href":"https:\/\/saxmachineparis.com\/en\/wp-json\/wp\/v2\/types\/product"}],"replies":[{"embeddable":true,"href":"https:\/\/saxmachineparis.com\/en\/wp-json\/wp\/v2\/comments?post=15012"}],"wp:featuredmedia":[{"embeddable":true,"href":"https:\/\/saxmachineparis.com\/en\/wp-json\/wp\/v2\/media\/15016"}],"wp:attachment":[{"href":"https:\/\/saxmachineparis.com\/en\/wp-json\/wp\/v2\/media?parent=15012"}],"wp:term":[{"taxonomy":"product_brand","embeddable":true,"href":"https:\/\/saxmachineparis.com\/en\/wp-json\/wp\/v2\/product_brand?post=15012"},{"taxonomy":"product_cat","embeddable":true,"href":"https:\/\/saxmachineparis.com\/en\/wp-json\/wp\/v2\/product_cat?post=15012"},{"taxonomy":"product_tag","embeddable":true,"href":"https:\/\/saxmachineparis.com\/en\/wp-json\/wp\/v2\/product_tag?post=15012"}],"curies":[{"name":"wp","href":"https:\/\/api.w.org\/{rel}","templated":true}]}}