{"id":14549,"date":"2019-11-28T15:10:31","date_gmt":"2019-11-28T15:10:31","guid":{"rendered":"https:\/\/sites.lecyclopeduweb.fr\/saxmachineparis\/?post_type=product&#038;p=14549"},"modified":"2023-04-28T09:51:41","modified_gmt":"2023-04-28T09:51:41","slug":"saxophone-tenor-yamaha-yts480s-argente","status":"publish","type":"product","link":"https:\/\/saxmachineparis.com\/en\/catalogue\/saxophone-tenor-yamaha-yts480s-argente\/","title":{"rendered":"Saxophone T\u00e9nor Yamaha YTS 480 argent\u00e9"},"content":{"rendered":"<p>Le saxophone YTS480 a une longueur d\u2019avance. Il a une sonorit\u00e9 impressionnante avec une superbe flexibilit\u00e9 de jeu, gr\u00e2ce \u00e0 ses gardes s\u00e9par\u00e9es. L\u2019ergonomie, la facilit\u00e9 de jeu et la justesse sont excellentes : tout ce que vous attendez d\u2019un Yamaha. D\u00e9velopp\u00e9s sur la base de populaire YTS475, les nouveaux saxophones YTS480 se caract\u00e9risent par leur nouvelle connexion Si-Do# grave permettant un r\u00e9glage plus pr\u00e9cis et une plus grande stabilit\u00e9 du Do# grave. Le nouveau syst\u00e8me de cl\u00e9 d\u2019octave pris aux mod\u00e8les professionnels 62, permet l\u2019utilisation des bocaux Custom.<\/p>\n<h2>Caract\u00e9ristiques<\/h2>\n<h3>Gravure faite \u00e0 la main<\/h3>\n<p>Une gravure sp\u00e9cifique, grav\u00e9e \u00e0 la main sur le pavillon,<br \/>\napporte une touche &#8220;professionnelle&#8221;<\/p>\n<h3>Nouvelle cl\u00e9 d&#8217;octave<\/h3>\n<p>La nouvelle conception de la cl\u00e9 d&#8217;octave permet l&#8217;utilisation des bocaux de saxophones Custom EX et Z ( bocaux vendus s\u00e9par\u00e9ment). Ainsi les musiciens pourront personnaliser leur saxophone comme ils le souhaitent.<\/p>\n<h3>Nouveau levier de correspondance des cl\u00e9s de Si-Do# grave<\/h3>\n<p>Le nouveau levier de correspondance des cl\u00e9s de Si -Do# grave a \u00e9t\u00e9 perfectionn\u00e9, assurant un parfait bouchage de la cl\u00e9 de Do# grave et une r\u00e9ponse claire du registre grave.<\/p>\n<h3>Bocal<\/h3>\n<p>Le bocal, inspir\u00e9 du mod\u00e8le professionnel 62, permet d\u2019avoir une projection et un volume sonore plus important tout en conservant une l\u00e9g\u00e8re r\u00e9sistance pour la couleur de son.<\/p>\n<h3>Gardes<\/h3>\n<p>Les gardes s\u00e9par\u00e9es sont \u00e9quip\u00e9es de vis d&#8217;arr\u00eat r\u00e9glables, facilitant l&#8217;ajustement de la hauteur des cl\u00e9s, comme sur nos mod\u00e8les professionnels.<\/p>\n<h3>Bascule main gauche Sib<\/h3>\n<p>La bascule main gauche (Sib) a \u00e9t\u00e9 con\u00e7ue pour faciliter le jeu et obtenir davantage de confort.<\/p>\n","protected":false},"excerpt":{"rendered":"<p>Autre finition : verni<\/p>\n<p><img decoding=\"async\" src=\"https:\/\/saxmachineparis.com\/wp-content\/uploads\/2019\/01\/logo-yamaha.png\" alt=\"logo Yamaha\" width=\"100\" \/><\/p>\n<ul>\n<li>Tonalit\u00e9 : Sib.<\/li>\n<li>Registre : Sib grave \u00e0 Fa # aigu<\/li>\n<li>Cl\u00e9 de Fa# aigu<\/li>\n<li>Support pouce multidirectionnel en plastique<\/li>\n<li>Tampons cuir, r\u00e9sonateur plastique<\/li>\n<li>Vendu avec \u00e9tui sac \u00e0 dos et bec Yamaha 4C<\/li>\n<\/ul>\n<div class=\"contact-button-woocommerce\"><a href=\"tel:+33145260529\">Nous contacter :\u00a001 45 26 05 20<\/a><\/div>\n","protected":false},"featured_media":14527,"comment_status":"open","ping_status":"closed","template":"","meta":{"_acf_changed":false},"product_brand":[],"product_cat":[994],"product_tag":[1254,1224],"class_list":{"0":"post-14549","1":"product","2":"type-product","3":"status-publish","4":"has-post-thumbnail","6":"product_cat-tenor","7":"product_tag-modele-detude","8":"product_tag-saxophone","10":"first","11":"instock","12":"sale","13":"taxable","14":"shipping-taxable","15":"purchasable","16":"product-type-simple"},"acf":[],"_links":{"self":[{"href":"https:\/\/saxmachineparis.com\/en\/wp-json\/wp\/v2\/product\/14549","targetHints":{"allow":["GET"]}}],"collection":[{"href":"https:\/\/saxmachineparis.com\/en\/wp-json\/wp\/v2\/product"}],"about":[{"href":"https:\/\/saxmachineparis.com\/en\/wp-json\/wp\/v2\/types\/product"}],"replies":[{"embeddable":true,"href":"https:\/\/saxmachineparis.com\/en\/wp-json\/wp\/v2\/comments?post=14549"}],"wp:featuredmedia":[{"embeddable":true,"href":"https:\/\/saxmachineparis.com\/en\/wp-json\/wp\/v2\/media\/14527"}],"wp:attachment":[{"href":"https:\/\/saxmachineparis.com\/en\/wp-json\/wp\/v2\/media?parent=14549"}],"wp:term":[{"taxonomy":"product_brand","embeddable":true,"href":"https:\/\/saxmachineparis.com\/en\/wp-json\/wp\/v2\/product_brand?post=14549"},{"taxonomy":"product_cat","embeddable":true,"href":"https:\/\/saxmachineparis.com\/en\/wp-json\/wp\/v2\/product_cat?post=14549"},{"taxonomy":"product_tag","embeddable":true,"href":"https:\/\/saxmachineparis.com\/en\/wp-json\/wp\/v2\/product_tag?post=14549"}],"curies":[{"name":"wp","href":"https:\/\/api.w.org\/{rel}","templated":true}]}}