{"id":14469,"date":"2019-11-28T12:18:55","date_gmt":"2019-11-28T12:18:55","guid":{"rendered":"https:\/\/sites.lecyclopeduweb.fr\/saxmachineparis\/?post_type=product&#038;p=14469"},"modified":"2026-01-17T13:40:35","modified_gmt":"2026-01-17T13:40:35","slug":"saxophone-basse-selmer-sa80-serie-ii-verni-gg","status":"publish","type":"product","link":"https:\/\/saxmachineparis.com\/en\/catalogue\/saxophone-basse-selmer-sa80-serie-ii-verni-gg\/","title":{"rendered":"Saxophone Basse Selmer SA80 Serie II verni (GG)"},"content":{"rendered":"<p>Dans l&#8217;\u00e9volution des r\u00e9pertoires musicaux, il est de plus en plus fr\u00e9quent de faire appel \u00e0 des instruments aux tessitures extr\u00eames.<\/p>\n<p>Le saxophone basse Selmer &#8220;Super Action 80, SERIE II&#8221; a pour but de s&#8217;adapter \u00e0 cette nouvelle tendance.<\/p>\n<p>De part sa conception et ses caract\u00e9ristiques acoustiques, il n&#8217;est plus essentiellement un instrument de &#8220;soutien&#8221; et s&#8217;ouvre sur un jeu beaucoup plus harmonique, au m\u00eame titre qu&#8217;un autre instrument de tessiture plus &#8220;normale&#8221;.<\/p>\n<p>Il offre de r\u00e9elles possibilit\u00e9s de virtuosit\u00e9 technique gr\u00e2ce \u00e0 son ergonomie optimis\u00e9e.<\/p>\n","protected":false},"excerpt":{"rendered":"<p class=\"conditionnement\">* Instrument livr\u00e9 en \u00e9tui &#8220;Light&#8221; avec bec &#8220;S80&#8221; C*<\/p>\n<p class=\"conditionnement\">* Tous nos saxophones Selmer sont s\u00e9lectionn\u00e9s par un musicien professionnel<\/p>\n<p><strong>Finitions :\u00a0<\/strong>Verni Gold Grav\u00e9 (GG), <a href=\"https:\/\/saxmachineparis.com\/catalogue\/saxophone-basse-selmer-sa80-serie-ii-argente-ag\/\">Argent\u00e9 Grav\u00e9 (AG)<\/a><\/p>\n<p><img decoding=\"async\" src=\"https:\/\/saxmachineparis.com\/wp-content\/uploads\/2018\/12\/logo-henri-selmer-paris.jpg\" alt=\"logo henri selmer paris sax-machine\" width=\"100\" \/><\/p>\n<ul>\n<li><span class=\"bulletBlock\"><span class=\"bulletTexte\">Tonalit\u00e9 : Sib<\/span><\/span><\/li>\n<li><span class=\"bulletBlock\"><span class=\"bulletTexte\">Cl\u00e9tage en laiton verni<\/span><\/span><\/li>\n<li><span class=\"bulletBlock\"><span class=\"bulletTexte\">Tessiture Sib grave \/ Fa# aigu<\/span><\/span><\/li>\n<li><span class=\"bulletBlock\"><span class=\"bulletTexte\">Cl\u00e9 de Fa# aigu<\/span><\/span><\/li>\n<li><span class=\"bulletBlock\"><span class=\"bulletTexte\">Support pouce (main droite) en r\u00e9sine<\/span><\/span><\/li>\n<li><span class=\"bulletBlock\"><span class=\"bulletTexte\">Cl\u00e9 d&#8217;eau : sur potence sup\u00e9rieure<\/span><\/span><\/li>\n<li><span class=\"bulletBlock\"><span class=\"bulletTexte\">B\u00e9quille ajustable anti-d\u00e9rapante<\/span><\/span><\/li>\n<li><span class=\"bulletBlock\"><span class=\"bulletTexte\">Ressorts aiguille en acier inox<\/span><\/span><\/li>\n<li><span class=\"bulletBlock\"><span class=\"bulletTexte\">Tampons cuir avec r\u00e9sonateurs m\u00e9tal (\u00e0 rivet)<\/span><\/span><\/li>\n<\/ul>\n<p>&nbsp;<\/p>\n<p>&nbsp;<\/p>\n<div class=\"contact-button-woocommerce\"><a href=\"tel:+33145260529\">Nous contacter :\u00a001 45 26 05 20<\/a><\/div>\n","protected":false},"featured_media":14470,"comment_status":"open","ping_status":"closed","template":"","meta":{"_acf_changed":false},"product_brand":[],"product_cat":[2226],"product_tag":[1255,2227],"class_list":{"0":"post-14469","1":"product","2":"type-product","3":"status-publish","4":"has-post-thumbnail","6":"product_cat-saxophone-basse","7":"product_tag-modele-professionnel","8":"product_tag-saxophone-basse","9":"pa_marque-selmer","11":"first","12":"instock","13":"sale","14":"taxable","15":"shipping-taxable","16":"purchasable","17":"product-type-simple"},"acf":[],"_links":{"self":[{"href":"https:\/\/saxmachineparis.com\/en\/wp-json\/wp\/v2\/product\/14469","targetHints":{"allow":["GET"]}}],"collection":[{"href":"https:\/\/saxmachineparis.com\/en\/wp-json\/wp\/v2\/product"}],"about":[{"href":"https:\/\/saxmachineparis.com\/en\/wp-json\/wp\/v2\/types\/product"}],"replies":[{"embeddable":true,"href":"https:\/\/saxmachineparis.com\/en\/wp-json\/wp\/v2\/comments?post=14469"}],"wp:featuredmedia":[{"embeddable":true,"href":"https:\/\/saxmachineparis.com\/en\/wp-json\/wp\/v2\/media\/14470"}],"wp:attachment":[{"href":"https:\/\/saxmachineparis.com\/en\/wp-json\/wp\/v2\/media?parent=14469"}],"wp:term":[{"taxonomy":"product_brand","embeddable":true,"href":"https:\/\/saxmachineparis.com\/en\/wp-json\/wp\/v2\/product_brand?post=14469"},{"taxonomy":"product_cat","embeddable":true,"href":"https:\/\/saxmachineparis.com\/en\/wp-json\/wp\/v2\/product_cat?post=14469"},{"taxonomy":"product_tag","embeddable":true,"href":"https:\/\/saxmachineparis.com\/en\/wp-json\/wp\/v2\/product_tag?post=14469"}],"curies":[{"name":"wp","href":"https:\/\/api.w.org\/{rel}","templated":true}]}}