{"id":13988,"date":"2019-11-14T09:51:14","date_gmt":"2019-11-14T09:51:14","guid":{"rendered":"https:\/\/sites.lecyclopeduweb.fr\/saxmachineparis\/?post_type=product&#038;p=13988"},"modified":"2019-11-14T10:52:24","modified_gmt":"2019-11-14T10:52:24","slug":"ligature-brancher-fil-metal-alto","status":"publish","type":"product","link":"https:\/\/saxmachineparis.com\/en\/catalogue\/ligature-brancher-fil-metal-alto\/","title":{"rendered":"Ligature Brancher fil metal alto"},"content":{"rendered":"<h3 class=\"product-name-description\">Ligature Brancher fil m\u00e9tal<\/h3>\n<p>L&#8217;\u00e9l\u00e9gance d&#8217;un bijou plaqu\u00e9 or 24 carats et une puret\u00e9 de son in\u00e9gal\u00e9e. Le contact minimum des fils en acier permet l&#8217;\u00e9tonnante projection du son clair et brillant.<\/p>\n<p>Garantie 5 ans.<\/p>\n<p>&nbsp;<\/p>\n","protected":false},"excerpt":{"rendered":"<p class=\"conditionnement\">* Ligature livr\u00e9e avec couvre bec.<\/p>\n<p class=\"conditionnement\">* Existe en deux tailles (bec \u00e9bonite et bec m\u00e9tal)<\/p>\n<p><img loading=\"lazy\" decoding=\"async\" class=\"alignnone wp-image-13848\" src=\"https:\/\/saxmachineparis.com\/wp-content\/uploads\/2019\/11\/sponsor_logo_brancher.jpg\" alt=\"logo_brancher\" width=\"234\" height=\"156\" srcset=\"https:\/\/saxmachineparis.com\/wp-content\/uploads\/2019\/11\/sponsor_logo_brancher.jpg 750w, https:\/\/saxmachineparis.com\/wp-content\/uploads\/2019\/11\/sponsor_logo_brancher-600x400.jpg 600w\" sizes=\"auto, (max-width: 234px) 100vw, 234px\" \/><\/p>\n","protected":false},"featured_media":13989,"comment_status":"open","ping_status":"closed","template":"","meta":{"_acf_changed":false},"product_brand":[],"product_cat":[1947],"product_tag":[2197,2196],"class_list":{"0":"post-13988","1":"product","2":"type-product","3":"status-publish","4":"has-post-thumbnail","6":"product_cat-ligature-alto","7":"product_tag-ligature-alto","8":"product_tag-ligature-brancher","9":"pa_ligature-pour-bec-bec-ebonite","10":"pa_ligature-pour-bec-bec-metal","11":"pa_ligature-saxophone-alto","12":"pa_marque-brancher","14":"first","15":"instock","16":"sale","17":"taxable","18":"shipping-taxable","19":"purchasable","20":"product-type-simple"},"acf":[],"_links":{"self":[{"href":"https:\/\/saxmachineparis.com\/en\/wp-json\/wp\/v2\/product\/13988","targetHints":{"allow":["GET"]}}],"collection":[{"href":"https:\/\/saxmachineparis.com\/en\/wp-json\/wp\/v2\/product"}],"about":[{"href":"https:\/\/saxmachineparis.com\/en\/wp-json\/wp\/v2\/types\/product"}],"replies":[{"embeddable":true,"href":"https:\/\/saxmachineparis.com\/en\/wp-json\/wp\/v2\/comments?post=13988"}],"wp:featuredmedia":[{"embeddable":true,"href":"https:\/\/saxmachineparis.com\/en\/wp-json\/wp\/v2\/media\/13989"}],"wp:attachment":[{"href":"https:\/\/saxmachineparis.com\/en\/wp-json\/wp\/v2\/media?parent=13988"}],"wp:term":[{"taxonomy":"product_brand","embeddable":true,"href":"https:\/\/saxmachineparis.com\/en\/wp-json\/wp\/v2\/product_brand?post=13988"},{"taxonomy":"product_cat","embeddable":true,"href":"https:\/\/saxmachineparis.com\/en\/wp-json\/wp\/v2\/product_cat?post=13988"},{"taxonomy":"product_tag","embeddable":true,"href":"https:\/\/saxmachineparis.com\/en\/wp-json\/wp\/v2\/product_tag?post=13988"}],"curies":[{"name":"wp","href":"https:\/\/api.w.org\/{rel}","templated":true}]}}