{"id":13952,"date":"2019-11-14T09:15:22","date_gmt":"2019-11-14T09:15:22","guid":{"rendered":"https:\/\/sites.lecyclopeduweb.fr\/saxmachineparis\/?post_type=product&#038;p=13952"},"modified":"2025-02-18T10:30:17","modified_gmt":"2025-02-18T10:30:17","slug":"bec-brancher-ebene-baryton","status":"publish","type":"product","link":"https:\/\/saxmachineparis.com\/en\/catalogue\/bec-brancher-ebene-baryton\/","title":{"rendered":"Bec Brancher \u00e9b\u00e8ne baryton"},"content":{"rendered":"<h3>La qualit\u00e9 Brancher :<\/h3>\n<p>Brancher con\u00e7oit et fabrique ses becs en France depuis 1987. Avec trois brevets d&#8217;invention (bec-ligature-anche), la soci\u00e9t\u00e9 innove et am\u00e9liore en permanence ses produits qui ont acquis, au fil du temps, une r\u00e9putation mondiale aupr\u00e8s des meilleurs musiciens.<\/p>\n<p>Le bec Brancher Chambre L &#8220;Large&#8221; en \u00e9b\u00e8ne est con\u00e7u avec du v\u00e9ritable bois d&#8217;Afrique. Il a la m\u00eame chambre &#8220;Large&#8221; qu&#8217;en \u00e9bonite mais dans le bois le plus dur. Cela apporte plus de compacit\u00e9 et d&#8217;harmonique au son.<\/p>\n<h3>Ouvertures disponibles :<\/h3>\n<p>L29<\/p>\n","protected":false},"excerpt":{"rendered":"<p class=\"conditionnement\">*Bec livr\u00e9 avec ligature semi-rigide et couvre-bec dans un coffret en bois<\/p>\n<p><img loading=\"lazy\" decoding=\"async\" class=\"alignnone wp-image-13848\" src=\"https:\/\/saxmachineparis.com\/wp-content\/uploads\/2019\/11\/sponsor_logo_brancher.jpg\" alt=\"\" width=\"164\" height=\"109\" srcset=\"https:\/\/saxmachineparis.com\/wp-content\/uploads\/2019\/11\/sponsor_logo_brancher.jpg 750w, https:\/\/saxmachineparis.com\/wp-content\/uploads\/2019\/11\/sponsor_logo_brancher-600x400.jpg 600w\" sizes=\"auto, (max-width: 164px) 100vw, 164px\" \/><\/p>\n<ul>\n<li>Ouvertures : L29<\/li>\n<li>Son Be-Bop, Bossa Nova, Smooth Jazz<\/li>\n<li>Eb\u00e8ne<\/li>\n<li>Chambre Large<\/li>\n<\/ul>\n","protected":false},"featured_media":13939,"comment_status":"open","ping_status":"closed","template":"","meta":{"_acf_changed":false},"product_brand":[],"product_cat":[2432,1313],"product_tag":[1511,2195,1374],"class_list":{"0":"post-13952","1":"product","2":"type-product","3":"status-publish","4":"has-post-thumbnail","6":"product_cat-bec-baryton","7":"product_cat-becs","8":"product_tag-bec-baryton","9":"product_tag-bec-ebene","10":"product_tag-bec-jazz","11":"pa_becs-saxophone-baryton","12":"pa_marque-brancher","13":"pa_materiau-bec-bec-ebene","14":"pa_style-bec-bec-jazz","16":"first","17":"instock","18":"sale","19":"taxable","20":"shipping-taxable","21":"purchasable","22":"product-type-simple"},"acf":[],"_links":{"self":[{"href":"https:\/\/saxmachineparis.com\/en\/wp-json\/wp\/v2\/product\/13952","targetHints":{"allow":["GET"]}}],"collection":[{"href":"https:\/\/saxmachineparis.com\/en\/wp-json\/wp\/v2\/product"}],"about":[{"href":"https:\/\/saxmachineparis.com\/en\/wp-json\/wp\/v2\/types\/product"}],"replies":[{"embeddable":true,"href":"https:\/\/saxmachineparis.com\/en\/wp-json\/wp\/v2\/comments?post=13952"}],"wp:featuredmedia":[{"embeddable":true,"href":"https:\/\/saxmachineparis.com\/en\/wp-json\/wp\/v2\/media\/13939"}],"wp:attachment":[{"href":"https:\/\/saxmachineparis.com\/en\/wp-json\/wp\/v2\/media?parent=13952"}],"wp:term":[{"taxonomy":"product_brand","embeddable":true,"href":"https:\/\/saxmachineparis.com\/en\/wp-json\/wp\/v2\/product_brand?post=13952"},{"taxonomy":"product_cat","embeddable":true,"href":"https:\/\/saxmachineparis.com\/en\/wp-json\/wp\/v2\/product_cat?post=13952"},{"taxonomy":"product_tag","embeddable":true,"href":"https:\/\/saxmachineparis.com\/en\/wp-json\/wp\/v2\/product_tag?post=13952"}],"curies":[{"name":"wp","href":"https:\/\/api.w.org\/{rel}","templated":true}]}}