{"id":13938,"date":"2019-11-14T08:58:36","date_gmt":"2019-11-14T08:58:36","guid":{"rendered":"https:\/\/sites.lecyclopeduweb.fr\/saxmachineparis\/?post_type=product&#038;p=13938"},"modified":"2025-02-18T10:31:00","modified_gmt":"2025-02-18T10:31:00","slug":"bec-brancher-metal-equilibre-baryton","status":"publish","type":"product","link":"https:\/\/saxmachineparis.com\/en\/catalogue\/bec-brancher-metal-equilibre-baryton\/","title":{"rendered":"Bec Brancher metal Equilibre baryton"},"content":{"rendered":"<h3>La qualit\u00e9 Brancher :<\/h3>\n<p>Brancher con\u00e7oit et fabrique ses becs en France depuis 1987. Avec trois brevets d&#8217;invention (bec-ligature-anche), la soci\u00e9t\u00e9 innove et am\u00e9liore en permanence ses produits qui ont acquis, au fil du temps, une r\u00e9putation mondiale aupr\u00e8s des meilleurs musiciens.<\/p>\n<p>Le bec Brancher Chambre E &#8220;\u00c9quilibre&#8221; est poli \u00e0 la main et plaqu\u00e9 or 24 carats. L\u00e9g\u00e8rement moins brillant que le mod\u00e8le &#8220;Bright&#8221;, il apporte de la douceur au son. L&#8217;\u00e9quilibre entre grave et aigu est parfait pour une facilit\u00e9 de jeu in\u00e9gal\u00e9e. Ce bec sera id\u00e9al pour le Big Band, le R&amp;B, la musique latine et m\u00eame l&#8217;\u00c9lectro.<\/p>\n<h3>Ouvertures disponibles :<\/h3>\n<p>E27 \/ E29<\/p>\n","protected":false},"excerpt":{"rendered":"<p class=\"conditionnement\">*Bec livr\u00e9 avec ligature semi-rigide et couvre-bec dans un coffret en bois<\/p>\n<p><img loading=\"lazy\" decoding=\"async\" class=\"alignnone wp-image-13848\" src=\"https:\/\/saxmachineparis.com\/wp-content\/uploads\/2019\/11\/sponsor_logo_brancher.jpg\" alt=\"\" width=\"164\" height=\"109\" srcset=\"https:\/\/saxmachineparis.com\/wp-content\/uploads\/2019\/11\/sponsor_logo_brancher.jpg 750w, https:\/\/saxmachineparis.com\/wp-content\/uploads\/2019\/11\/sponsor_logo_brancher-600x400.jpg 600w\" sizes=\"auto, (max-width: 164px) 100vw, 164px\" \/><\/p>\n<ul>\n<li>Ouvertures : E27 \/ E29<\/li>\n<li>Son Big Band, Latin, R&amp;B, \u00c9lectro<\/li>\n<li>M\u00e9tal plaqu\u00e9 or 24 carats<\/li>\n<li>Chambre ronde<\/li>\n<\/ul>\n","protected":false},"featured_media":13947,"comment_status":"open","ping_status":"closed","template":"","meta":{"_acf_changed":false},"product_brand":[],"product_cat":[2432,1313],"product_tag":[1511,1374,2186],"class_list":{"0":"post-13938","1":"product","2":"type-product","3":"status-publish","4":"has-post-thumbnail","6":"product_cat-bec-baryton","7":"product_cat-becs","8":"product_tag-bec-baryton","9":"product_tag-bec-jazz","10":"product_tag-bec-metal","11":"pa_becs-saxophone-baryton","12":"pa_marque-brancher","13":"pa_materiau-bec-metal","14":"pa_style-bec-big-band","15":"pa_style-bec-electro","16":"pa_style-bec-latin","17":"pa_style-bec-rb","19":"first","20":"instock","21":"sale","22":"taxable","23":"shipping-taxable","24":"purchasable","25":"product-type-simple"},"acf":[],"_links":{"self":[{"href":"https:\/\/saxmachineparis.com\/en\/wp-json\/wp\/v2\/product\/13938","targetHints":{"allow":["GET"]}}],"collection":[{"href":"https:\/\/saxmachineparis.com\/en\/wp-json\/wp\/v2\/product"}],"about":[{"href":"https:\/\/saxmachineparis.com\/en\/wp-json\/wp\/v2\/types\/product"}],"replies":[{"embeddable":true,"href":"https:\/\/saxmachineparis.com\/en\/wp-json\/wp\/v2\/comments?post=13938"}],"wp:featuredmedia":[{"embeddable":true,"href":"https:\/\/saxmachineparis.com\/en\/wp-json\/wp\/v2\/media\/13947"}],"wp:attachment":[{"href":"https:\/\/saxmachineparis.com\/en\/wp-json\/wp\/v2\/media?parent=13938"}],"wp:term":[{"taxonomy":"product_brand","embeddable":true,"href":"https:\/\/saxmachineparis.com\/en\/wp-json\/wp\/v2\/product_brand?post=13938"},{"taxonomy":"product_cat","embeddable":true,"href":"https:\/\/saxmachineparis.com\/en\/wp-json\/wp\/v2\/product_cat?post=13938"},{"taxonomy":"product_tag","embeddable":true,"href":"https:\/\/saxmachineparis.com\/en\/wp-json\/wp\/v2\/product_tag?post=13938"}],"curies":[{"name":"wp","href":"https:\/\/api.w.org\/{rel}","templated":true}]}}