{"id":13936,"date":"2019-11-14T08:45:06","date_gmt":"2019-11-14T08:45:06","guid":{"rendered":"https:\/\/sites.lecyclopeduweb.fr\/saxmachineparis\/?post_type=product&#038;p=13936"},"modified":"2025-02-18T10:31:38","modified_gmt":"2025-02-18T10:31:38","slug":"bec-brancher-metal-bright-alto","status":"publish","type":"product","link":"https:\/\/saxmachineparis.com\/en\/catalogue\/bec-brancher-metal-bright-alto\/","title":{"rendered":"Bec Brancher metal Bright alto"},"content":{"rendered":"<h3>La qualit\u00e9 Brancher :<\/h3>\n<p>Brancher con\u00e7oit et fabrique ses becs en France depuis 1987. Avec trois brevets d&#8217;invention (bec-ligature-anche), la soci\u00e9t\u00e9 innove et am\u00e9liore en permanence ses produits qui ont acquis, au fil du temps, une r\u00e9putation mondiale aupr\u00e8s des meilleurs musiciens.<\/p>\n<p>Le bec Brancher Chambre B &#8220;Bright&#8221; est poli \u00e0 la main et plaqu\u00e9 gris argent. Il se caract\u00e9rise par un son brillant et clair avec un maximum de puissance. Il est principalement destin\u00e9 \u00e0 la Pop Am\u00e9ricaine, au Rock, au Jazz Fusion et pourra m\u00eame accompagner des DJ sur sc\u00e8ne.<\/p>\n<h3>Ouvertures disponibles :<\/h3>\n<p>B21 \/ B24 \/ B27<\/p>\n","protected":false},"excerpt":{"rendered":"<p class=\"conditionnement\">*Bec livr\u00e9 avec ligature semi-rigide et couvre-bec dans un coffret en bois<\/p>\n<p><img loading=\"lazy\" decoding=\"async\" class=\"alignnone wp-image-13848\" src=\"https:\/\/saxmachineparis.com\/wp-content\/uploads\/2019\/11\/sponsor_logo_brancher.jpg\" alt=\"\" width=\"164\" height=\"109\" srcset=\"https:\/\/saxmachineparis.com\/wp-content\/uploads\/2019\/11\/sponsor_logo_brancher.jpg 750w, https:\/\/saxmachineparis.com\/wp-content\/uploads\/2019\/11\/sponsor_logo_brancher-600x400.jpg 600w\" sizes=\"auto, (max-width: 164px) 100vw, 164px\" \/><\/p>\n<ul>\n<li>Ouvertures : B21 \/ B24 \/ B27<\/li>\n<li>Son Pop, Rock, Fusion, Electro<\/li>\n<li>M\u00e9tal plaqu\u00e9 gris argent<\/li>\n<\/ul>\n","protected":false},"featured_media":13908,"comment_status":"open","ping_status":"closed","template":"","meta":{"_acf_changed":false},"product_brand":[],"product_cat":[2431,1313],"product_tag":[1314,1374,2186],"class_list":{"0":"post-13936","1":"product","2":"type-product","3":"status-publish","4":"has-post-thumbnail","6":"product_cat-bec-alto","7":"product_cat-becs","8":"product_tag-bec-alto","9":"product_tag-bec-jazz","10":"product_tag-bec-metal","11":"pa_becs-saxophone-alto","12":"pa_marque-brancher","13":"pa_materiau-bec-metal","14":"pa_style-bec-bec-funk-fusion","15":"pa_style-bec-rock-blues","17":"first","18":"instock","19":"sale","20":"taxable","21":"shipping-taxable","22":"purchasable","23":"product-type-simple"},"acf":[],"_links":{"self":[{"href":"https:\/\/saxmachineparis.com\/en\/wp-json\/wp\/v2\/product\/13936","targetHints":{"allow":["GET"]}}],"collection":[{"href":"https:\/\/saxmachineparis.com\/en\/wp-json\/wp\/v2\/product"}],"about":[{"href":"https:\/\/saxmachineparis.com\/en\/wp-json\/wp\/v2\/types\/product"}],"replies":[{"embeddable":true,"href":"https:\/\/saxmachineparis.com\/en\/wp-json\/wp\/v2\/comments?post=13936"}],"wp:featuredmedia":[{"embeddable":true,"href":"https:\/\/saxmachineparis.com\/en\/wp-json\/wp\/v2\/media\/13908"}],"wp:attachment":[{"href":"https:\/\/saxmachineparis.com\/en\/wp-json\/wp\/v2\/media?parent=13936"}],"wp:term":[{"taxonomy":"product_brand","embeddable":true,"href":"https:\/\/saxmachineparis.com\/en\/wp-json\/wp\/v2\/product_brand?post=13936"},{"taxonomy":"product_cat","embeddable":true,"href":"https:\/\/saxmachineparis.com\/en\/wp-json\/wp\/v2\/product_cat?post=13936"},{"taxonomy":"product_tag","embeddable":true,"href":"https:\/\/saxmachineparis.com\/en\/wp-json\/wp\/v2\/product_tag?post=13936"}],"curies":[{"name":"wp","href":"https:\/\/api.w.org\/{rel}","templated":true}]}}